{"id":712,"date":"2023-05-11T08:47:08","date_gmt":"2023-05-11T08:47:08","guid":{"rendered":"https:\/\/hotcaweb.com\/kmu-buchhaltungen\/?page_id=712"},"modified":"2023-05-11T08:49:06","modified_gmt":"2023-05-11T08:49:06","slug":"agb","status":"publish","type":"page","link":"https:\/\/hotcaweb.com\/kmu-buchhaltungen\/agb\/","title":{"rendered":"AGB"},"content":{"rendered":"\t\t<div data-elementor-type=\"wp-page\" data-elementor-id=\"712\" class=\"elementor elementor-712\">\n\t\t\t\t\t\t<section class=\"elementor-section elementor-top-section elementor-element elementor-element-d6ffe3b elementor-section-height-min-height elementor-section-boxed elementor-section-height-default elementor-section-items-middle\" data-id=\"d6ffe3b\" data-element_type=\"section\" data-settings=\"{&quot;background_background&quot;:&quot;classic&quot;}\">\n\t\t\t\t\t\t<div class=\"elementor-container elementor-column-gap-default\">\n\t\t\t\t\t<div class=\"elementor-column elementor-col-50 elementor-top-column elementor-element elementor-element-bd96244\" data-id=\"bd96244\" data-element_type=\"column\">\n\t\t\t<div class=\"elementor-widget-wrap elementor-element-populated\">\n\t\t\t\t\t\t<div class=\"elementor-element elementor-element-3db7308 elementor-widget elementor-widget-text-editor\" data-id=\"3db7308\" data-element_type=\"widget\" data-widget_type=\"text-editor.default\">\n\t\t\t\t<div class=\"elementor-widget-container\">\n\t\t\t\t\t\t\t\t\t<h1><strong>AGB<\/strong><\/h1>\t\t\t\t\t\t\t\t<\/div>\n\t\t\t\t<\/div>\n\t\t\t\t\t<\/div>\n\t\t<\/div>\n\t\t\t\t<div class=\"elementor-column elementor-col-50 elementor-top-column elementor-element elementor-element-a596c16\" data-id=\"a596c16\" data-element_type=\"column\">\n\t\t\t<div class=\"elementor-widget-wrap elementor-element-populated\">\n\t\t\t\t\t\t<div class=\"elementor-element elementor-element-2f1ac32 elementor-icon-list--layout-inline elementor-align-right breadcrumb-ch elementor-mobile-align-left elementor-list-item-link-full_width elementor-widget elementor-widget-icon-list\" data-id=\"2f1ac32\" data-element_type=\"widget\" data-widget_type=\"icon-list.default\">\n\t\t\t\t<div class=\"elementor-widget-container\">\n\t\t\t\t\t\t\t<ul class=\"elementor-icon-list-items elementor-inline-items\">\n\t\t\t\t\t\t\t<li class=\"elementor-icon-list-item elementor-inline-item\">\n\t\t\t\t\t\t\t\t\t\t\t<a href=\"https:\/\/hotcaweb.com\/kmu-buchhaltungen\/\">\n\n\t\t\t\t\t\t\t\t\t\t\t\t<span class=\"elementor-icon-list-icon\">\n\t\t\t\t\t\t\t<i aria-hidden=\"true\" class=\"fas fa-home\"><\/i>\t\t\t\t\t\t<\/span>\n\t\t\t\t\t\t\t\t\t\t<span class=\"elementor-icon-list-text\">Home<\/span>\n\t\t\t\t\t\t\t\t\t\t\t<\/a>\n\t\t\t\t\t\t\t\t\t<\/li>\n\t\t\t\t\t\t\t\t<li class=\"elementor-icon-list-item elementor-inline-item\">\n\t\t\t\t\t\t\t\t\t\t\t<span class=\"elementor-icon-list-icon\">\n\t\t\t\t\t\t\t<i aria-hidden=\"true\" class=\"fas fa-angle-right\"><\/i>\t\t\t\t\t\t<\/span>\n\t\t\t\t\t\t\t\t\t\t<span class=\"elementor-icon-list-text\">AGB<\/span>\n\t\t\t\t\t\t\t\t\t<\/li>\n\t\t\t\t\t\t<\/ul>\n\t\t\t\t\t\t<\/div>\n\t\t\t\t<\/div>\n\t\t\t\t\t<\/div>\n\t\t<\/div>\n\t\t\t\t\t<\/div>\n\t\t<\/section>\n\t\t\t\t<section class=\"elementor-section elementor-top-section elementor-element elementor-element-1c30afd elementor-section-boxed elementor-section-height-default elementor-section-height-default\" data-id=\"1c30afd\" data-element_type=\"section\">\n\t\t\t\t\t\t<div class=\"elementor-container elementor-column-gap-default\">\n\t\t\t\t\t<div class=\"elementor-column elementor-col-100 elementor-top-column elementor-element elementor-element-1a52dfa\" data-id=\"1a52dfa\" data-element_type=\"column\">\n\t\t\t<div class=\"elementor-widget-wrap elementor-element-populated\">\n\t\t\t\t\t\t<div class=\"elementor-element elementor-element-f260831 elementor-widget elementor-widget-text-editor\" data-id=\"f260831\" data-element_type=\"widget\" data-widget_type=\"text-editor.default\">\n\t\t\t\t<div class=\"elementor-widget-container\">\n\t\t\t\t\t\t\t\t\t<p>Unsere Allgemeine Gesch\u00e4ftsbedingungen (AGB) stellen wir Ihnen nachfolgend als PDF-Download zur Verf\u00fcgung.<\/p><p><a href=\"https:\/\/www.wko.at\/branchen\/information-consulting\/unternehmensberatung-buchhaltung-informationstechnologie\/buchhaltung\/Allgemeine_Geschaeftsbedingungen1.html\" target=\"_blank\" rel=\"noopener\">AGB f\u00fcr Bilanzbuchhaltung<\/a><\/p>\t\t\t\t\t\t\t\t<\/div>\n\t\t\t\t<\/div>\n\t\t\t\t\t<\/div>\n\t\t<\/div>\n\t\t\t\t\t<\/div>\n\t\t<\/section>\n\t\t\t\t<\/div>\n\t\t","protected":false},"excerpt":{"rendered":"<p>AGB Home AGB Unsere Allgemeine Gesch\u00e4ftsbedingungen (AGB) stellen wir Ihnen nachfolgend als PDF-Download zur Verf\u00fcgung. AGB f\u00fcr Bilanzbuchhaltung<\/p>\n","protected":false},"author":1,"featured_media":0,"parent":0,"menu_order":0,"comment_status":"closed","ping_status":"closed","template":"","meta":{"footnotes":""},"class_list":["post-712","page","type-page","status-publish","hentry"],"yoast_head":"<!-- This site is optimized with the Yoast SEO plugin v24.6 - https:\/\/yoast.com\/wordpress\/plugins\/seo\/ -->\n<title>AGB - KMU Buchhaltungen Wien<\/title>\n<meta name=\"robots\" content=\"noindex, follow, max-snippet:-1, max-image-preview:large, max-video-preview:-1\" \/>\n<meta property=\"og:locale\" content=\"en_US\" \/>\n<meta property=\"og:type\" content=\"article\" \/>\n<meta property=\"og:title\" content=\"AGB - KMU Buchhaltungen Wien\" \/>\n<meta property=\"og:description\" content=\"AGB Home AGB Unsere Allgemeine Gesch\u00e4ftsbedingungen (AGB) stellen wir Ihnen nachfolgend als PDF-Download zur Verf\u00fcgung. AGB f\u00fcr Bilanzbuchhaltung\" \/>\n<meta property=\"og:url\" content=\"https:\/\/hotcaweb.com\/kmu-buchhaltungen\/agb\/\" \/>\n<meta property=\"og:site_name\" content=\"KMU Buchhaltungen Wien\" \/>\n<meta property=\"article:modified_time\" content=\"2023-05-11T08:49:06+00:00\" \/>\n<meta name=\"twitter:card\" content=\"summary_large_image\" \/>\n<meta name=\"twitter:label1\" content=\"Est. reading time\" \/>\n\t<meta name=\"twitter:data1\" content=\"1 minute\" \/>\n<script type=\"application\/ld+json\" class=\"yoast-schema-graph\">{\"@context\":\"https:\/\/schema.org\",\"@graph\":[{\"@type\":\"WebPage\",\"@id\":\"https:\/\/hotcaweb.com\/kmu-buchhaltungen\/agb\/\",\"url\":\"https:\/\/hotcaweb.com\/kmu-buchhaltungen\/agb\/\",\"name\":\"AGB - KMU Buchhaltungen Wien\",\"isPartOf\":{\"@id\":\"https:\/\/hotcaweb.com\/kmu-buchhaltungen\/#website\"},\"datePublished\":\"2023-05-11T08:47:08+00:00\",\"dateModified\":\"2023-05-11T08:49:06+00:00\",\"breadcrumb\":{\"@id\":\"https:\/\/hotcaweb.com\/kmu-buchhaltungen\/agb\/#breadcrumb\"},\"inLanguage\":\"en-US\",\"potentialAction\":[{\"@type\":\"ReadAction\",\"target\":[\"https:\/\/hotcaweb.com\/kmu-buchhaltungen\/agb\/\"]}]},{\"@type\":\"BreadcrumbList\",\"@id\":\"https:\/\/hotcaweb.com\/kmu-buchhaltungen\/agb\/#breadcrumb\",\"itemListElement\":[{\"@type\":\"ListItem\",\"position\":1,\"name\":\"Home\",\"item\":\"https:\/\/hotcaweb.com\/kmu-buchhaltungen\/\"},{\"@type\":\"ListItem\",\"position\":2,\"name\":\"AGB\"}]},{\"@type\":\"WebSite\",\"@id\":\"https:\/\/hotcaweb.com\/kmu-buchhaltungen\/#website\",\"url\":\"https:\/\/hotcaweb.com\/kmu-buchhaltungen\/\",\"name\":\"KMU Buchhaltungen Wien\",\"description\":\"\",\"publisher\":{\"@id\":\"https:\/\/hotcaweb.com\/kmu-buchhaltungen\/#organization\"},\"potentialAction\":[{\"@type\":\"SearchAction\",\"target\":{\"@type\":\"EntryPoint\",\"urlTemplate\":\"https:\/\/hotcaweb.com\/kmu-buchhaltungen\/?s={search_term_string}\"},\"query-input\":{\"@type\":\"PropertyValueSpecification\",\"valueRequired\":true,\"valueName\":\"search_term_string\"}}],\"inLanguage\":\"en-US\"},{\"@type\":\"Organization\",\"@id\":\"https:\/\/hotcaweb.com\/kmu-buchhaltungen\/#organization\",\"name\":\"KMU Buchhaltungen Wien\",\"url\":\"https:\/\/hotcaweb.com\/kmu-buchhaltungen\/\",\"logo\":{\"@type\":\"ImageObject\",\"inLanguage\":\"en-US\",\"@id\":\"https:\/\/hotcaweb.com\/kmu-buchhaltungen\/#\/schema\/logo\/image\/\",\"url\":\"https:\/\/hotcaweb.com\/kmu-buchhaltungen\/wp-content\/uploads\/2023\/05\/Visitenkarten-KMU-2019_logo.png\",\"contentUrl\":\"https:\/\/hotcaweb.com\/kmu-buchhaltungen\/wp-content\/uploads\/2023\/05\/Visitenkarten-KMU-2019_logo.png\",\"width\":467,\"height\":266,\"caption\":\"KMU Buchhaltungen Wien\"},\"image\":{\"@id\":\"https:\/\/hotcaweb.com\/kmu-buchhaltungen\/#\/schema\/logo\/image\/\"}}]}<\/script>\n<!-- \/ Yoast SEO plugin. -->","yoast_head_json":{"title":"AGB - KMU Buchhaltungen Wien","robots":{"index":"noindex","follow":"follow","max-snippet":"max-snippet:-1","max-image-preview":"max-image-preview:large","max-video-preview":"max-video-preview:-1"},"og_locale":"en_US","og_type":"article","og_title":"AGB - KMU Buchhaltungen Wien","og_description":"AGB Home AGB Unsere Allgemeine Gesch\u00e4ftsbedingungen (AGB) stellen wir Ihnen nachfolgend als PDF-Download zur Verf\u00fcgung. AGB f\u00fcr Bilanzbuchhaltung","og_url":"https:\/\/hotcaweb.com\/kmu-buchhaltungen\/agb\/","og_site_name":"KMU Buchhaltungen Wien","article_modified_time":"2023-05-11T08:49:06+00:00","twitter_card":"summary_large_image","twitter_misc":{"Est. reading time":"1 minute"},"schema":{"@context":"https:\/\/schema.org","@graph":[{"@type":"WebPage","@id":"https:\/\/hotcaweb.com\/kmu-buchhaltungen\/agb\/","url":"https:\/\/hotcaweb.com\/kmu-buchhaltungen\/agb\/","name":"AGB - KMU Buchhaltungen Wien","isPartOf":{"@id":"https:\/\/hotcaweb.com\/kmu-buchhaltungen\/#website"},"datePublished":"2023-05-11T08:47:08+00:00","dateModified":"2023-05-11T08:49:06+00:00","breadcrumb":{"@id":"https:\/\/hotcaweb.com\/kmu-buchhaltungen\/agb\/#breadcrumb"},"inLanguage":"en-US","potentialAction":[{"@type":"ReadAction","target":["https:\/\/hotcaweb.com\/kmu-buchhaltungen\/agb\/"]}]},{"@type":"BreadcrumbList","@id":"https:\/\/hotcaweb.com\/kmu-buchhaltungen\/agb\/#breadcrumb","itemListElement":[{"@type":"ListItem","position":1,"name":"Home","item":"https:\/\/hotcaweb.com\/kmu-buchhaltungen\/"},{"@type":"ListItem","position":2,"name":"AGB"}]},{"@type":"WebSite","@id":"https:\/\/hotcaweb.com\/kmu-buchhaltungen\/#website","url":"https:\/\/hotcaweb.com\/kmu-buchhaltungen\/","name":"KMU Buchhaltungen Wien","description":"","publisher":{"@id":"https:\/\/hotcaweb.com\/kmu-buchhaltungen\/#organization"},"potentialAction":[{"@type":"SearchAction","target":{"@type":"EntryPoint","urlTemplate":"https:\/\/hotcaweb.com\/kmu-buchhaltungen\/?s={search_term_string}"},"query-input":{"@type":"PropertyValueSpecification","valueRequired":true,"valueName":"search_term_string"}}],"inLanguage":"en-US"},{"@type":"Organization","@id":"https:\/\/hotcaweb.com\/kmu-buchhaltungen\/#organization","name":"KMU Buchhaltungen Wien","url":"https:\/\/hotcaweb.com\/kmu-buchhaltungen\/","logo":{"@type":"ImageObject","inLanguage":"en-US","@id":"https:\/\/hotcaweb.com\/kmu-buchhaltungen\/#\/schema\/logo\/image\/","url":"https:\/\/hotcaweb.com\/kmu-buchhaltungen\/wp-content\/uploads\/2023\/05\/Visitenkarten-KMU-2019_logo.png","contentUrl":"https:\/\/hotcaweb.com\/kmu-buchhaltungen\/wp-content\/uploads\/2023\/05\/Visitenkarten-KMU-2019_logo.png","width":467,"height":266,"caption":"KMU Buchhaltungen Wien"},"image":{"@id":"https:\/\/hotcaweb.com\/kmu-buchhaltungen\/#\/schema\/logo\/image\/"}}]}},"_links":{"self":[{"href":"https:\/\/hotcaweb.com\/kmu-buchhaltungen\/wp-json\/wp\/v2\/pages\/712","targetHints":{"allow":["GET"]}}],"collection":[{"href":"https:\/\/hotcaweb.com\/kmu-buchhaltungen\/wp-json\/wp\/v2\/pages"}],"about":[{"href":"https:\/\/hotcaweb.com\/kmu-buchhaltungen\/wp-json\/wp\/v2\/types\/page"}],"author":[{"embeddable":true,"href":"https:\/\/hotcaweb.com\/kmu-buchhaltungen\/wp-json\/wp\/v2\/users\/1"}],"replies":[{"embeddable":true,"href":"https:\/\/hotcaweb.com\/kmu-buchhaltungen\/wp-json\/wp\/v2\/comments?post=712"}],"version-history":[{"count":7,"href":"https:\/\/hotcaweb.com\/kmu-buchhaltungen\/wp-json\/wp\/v2\/pages\/712\/revisions"}],"predecessor-version":[{"id":719,"href":"https:\/\/hotcaweb.com\/kmu-buchhaltungen\/wp-json\/wp\/v2\/pages\/712\/revisions\/719"}],"wp:attachment":[{"href":"https:\/\/hotcaweb.com\/kmu-buchhaltungen\/wp-json\/wp\/v2\/media?parent=712"}],"curies":[{"name":"wp","href":"https:\/\/api.w.org\/{rel}","templated":true}]}}