{"id":534,"date":"2023-05-10T14:51:36","date_gmt":"2023-05-10T14:51:36","guid":{"rendered":"https:\/\/hotcaweb.com\/kmu-buchhaltungen\/?page_id=534"},"modified":"2023-06-06T06:06:02","modified_gmt":"2023-06-06T06:06:02","slug":"betriebsgrundung","status":"publish","type":"page","link":"https:\/\/hotcaweb.com\/kmu-buchhaltungen\/betriebsgrundung\/","title":{"rendered":"Betriebsgr\u00fcndung"},"content":{"rendered":"\t\t<div data-elementor-type=\"wp-page\" data-elementor-id=\"534\" class=\"elementor elementor-534\">\n\t\t\t\t\t\t<section class=\"elementor-section elementor-top-section elementor-element elementor-element-661406f elementor-section-height-min-height elementor-section-boxed elementor-section-height-default elementor-section-items-middle\" data-id=\"661406f\" data-element_type=\"section\" data-settings=\"{&quot;background_background&quot;:&quot;classic&quot;}\">\n\t\t\t\t\t\t<div class=\"elementor-container elementor-column-gap-default\">\n\t\t\t\t\t<div class=\"elementor-column elementor-col-50 elementor-top-column elementor-element elementor-element-8646b0b\" data-id=\"8646b0b\" data-element_type=\"column\">\n\t\t\t<div class=\"elementor-widget-wrap elementor-element-populated\">\n\t\t\t\t\t\t<div class=\"elementor-element elementor-element-3d04afd elementor-widget elementor-widget-text-editor\" data-id=\"3d04afd\" data-element_type=\"widget\" data-widget_type=\"text-editor.default\">\n\t\t\t\t<div class=\"elementor-widget-container\">\n\t\t\t\t\t\t\t\t\t<h1><strong>Betriebsgr\u00fcndung<\/strong><\/h1>\t\t\t\t\t\t\t\t<\/div>\n\t\t\t\t<\/div>\n\t\t\t\t\t<\/div>\n\t\t<\/div>\n\t\t\t\t<div class=\"elementor-column elementor-col-50 elementor-top-column elementor-element elementor-element-779c721\" data-id=\"779c721\" data-element_type=\"column\">\n\t\t\t<div class=\"elementor-widget-wrap elementor-element-populated\">\n\t\t\t\t\t\t<div class=\"elementor-element elementor-element-a4d038e elementor-icon-list--layout-inline elementor-align-right breadcrumb-ch elementor-mobile-align-left elementor-list-item-link-full_width elementor-widget elementor-widget-icon-list\" data-id=\"a4d038e\" data-element_type=\"widget\" data-widget_type=\"icon-list.default\">\n\t\t\t\t<div class=\"elementor-widget-container\">\n\t\t\t\t\t\t\t<ul class=\"elementor-icon-list-items elementor-inline-items\">\n\t\t\t\t\t\t\t<li class=\"elementor-icon-list-item elementor-inline-item\">\n\t\t\t\t\t\t\t\t\t\t\t<a href=\"https:\/\/hotcaweb.com\/kmu-buchhaltungen\/\">\n\n\t\t\t\t\t\t\t\t\t\t\t\t<span class=\"elementor-icon-list-icon\">\n\t\t\t\t\t\t\t<i aria-hidden=\"true\" class=\"fas fa-home\"><\/i>\t\t\t\t\t\t<\/span>\n\t\t\t\t\t\t\t\t\t\t<span class=\"elementor-icon-list-text\">Home<\/span>\n\t\t\t\t\t\t\t\t\t\t\t<\/a>\n\t\t\t\t\t\t\t\t\t<\/li>\n\t\t\t\t\t\t\t\t<li class=\"elementor-icon-list-item elementor-inline-item\">\n\t\t\t\t\t\t\t\t\t\t\t<span class=\"elementor-icon-list-icon\">\n\t\t\t\t\t\t\t<i aria-hidden=\"true\" class=\"fas fa-angle-right\"><\/i>\t\t\t\t\t\t<\/span>\n\t\t\t\t\t\t\t\t\t\t<span class=\"elementor-icon-list-text\">Betriebsgr\u00fcndung<\/span>\n\t\t\t\t\t\t\t\t\t<\/li>\n\t\t\t\t\t\t<\/ul>\n\t\t\t\t\t\t<\/div>\n\t\t\t\t<\/div>\n\t\t\t\t\t<\/div>\n\t\t<\/div>\n\t\t\t\t\t<\/div>\n\t\t<\/section>\n\t\t\t\t<section class=\"elementor-section elementor-top-section elementor-element elementor-element-a130170 elementor-section-boxed elementor-section-height-default elementor-section-height-default\" data-id=\"a130170\" data-element_type=\"section\" data-settings=\"{&quot;background_background&quot;:&quot;classic&quot;}\">\n\t\t\t\t\t\t<div class=\"elementor-container elementor-column-gap-default\">\n\t\t\t\t\t<div class=\"elementor-column elementor-col-50 elementor-top-column elementor-element elementor-element-ce40ae5\" data-id=\"ce40ae5\" data-element_type=\"column\">\n\t\t\t<div class=\"elementor-widget-wrap elementor-element-populated\">\n\t\t\t\t\t\t<div class=\"elementor-element elementor-element-e53c5b4 elementor-widget elementor-widget-text-editor\" data-id=\"e53c5b4\" data-element_type=\"widget\" data-widget_type=\"text-editor.default\">\n\t\t\t\t<div class=\"elementor-widget-container\">\n\t\t\t\t\t\t\t\t\t<h2><strong>Ihr Buchhaltungsspezialist, Berater &amp; Partner <\/strong><\/h2><p>Die Wirtschaft braucht erfolgreiche Gr\u00fcnderInnen\/UnternehmerInnen die bereit sind durch \u00fcberdurchschnittlichen Einsatz Ihre Ideen zu verwirklichen. Bevor man diesen Weg beschreitet sollten Sie sich mit nachstehenden Fragen besch\u00e4ftigen und sich ausf\u00fchrlich damit auseinandersetzen.<\/p><p>Gerne unterst\u00fctzen wir Sie bei all diesen Fragen und werden Ihnen noch weitere Ans\u00e4tze anbieten.<\/p>\t\t\t\t\t\t\t\t<\/div>\n\t\t\t\t<\/div>\n\t\t\t\t<div class=\"elementor-element elementor-element-af6e9b7 elementor-align-left elementor-widget elementor-widget-button\" data-id=\"af6e9b7\" data-element_type=\"widget\" data-widget_type=\"button.default\">\n\t\t\t\t<div class=\"elementor-widget-container\">\n\t\t\t\t\t\t\t\t\t<div class=\"elementor-button-wrapper\">\n\t\t\t\t\t<a class=\"elementor-button elementor-button-link elementor-size-md\" href=\"#kontakt\">\n\t\t\t\t\t\t<span class=\"elementor-button-content-wrapper\">\n\t\t\t\t\t\t<span class=\"elementor-button-icon\">\n\t\t\t\t<i aria-hidden=\"true\" class=\"fas fa-arrow-right\"><\/i>\t\t\t<\/span>\n\t\t\t\t\t\t\t\t\t<span class=\"elementor-button-text\">Kontaktieren Sie uns!<\/span>\n\t\t\t\t\t<\/span>\n\t\t\t\t\t<\/a>\n\t\t\t\t<\/div>\n\t\t\t\t\t\t\t\t<\/div>\n\t\t\t\t<\/div>\n\t\t\t\t\t<\/div>\n\t\t<\/div>\n\t\t\t\t<div class=\"elementor-column elementor-col-50 elementor-top-column elementor-element elementor-element-0808267\" data-id=\"0808267\" data-element_type=\"column\">\n\t\t\t<div class=\"elementor-widget-wrap elementor-element-populated\">\n\t\t\t\t\t\t<section class=\"elementor-section elementor-inner-section elementor-element elementor-element-bb72c2d elementor-section-boxed elementor-section-height-default elementor-section-height-default\" data-id=\"bb72c2d\" data-element_type=\"section\">\n\t\t\t\t\t\t<div class=\"elementor-container elementor-column-gap-default\">\n\t\t\t\t\t<div class=\"elementor-column elementor-col-100 elementor-inner-column elementor-element elementor-element-8b90006\" data-id=\"8b90006\" data-element_type=\"column\" data-settings=\"{&quot;background_background&quot;:&quot;classic&quot;}\">\n\t\t\t<div class=\"elementor-widget-wrap elementor-element-populated\">\n\t\t\t\t\t\t<div class=\"elementor-element elementor-element-41a0693 elementor-widget elementor-widget-text-editor\" data-id=\"41a0693\" data-element_type=\"widget\" data-widget_type=\"text-editor.default\">\n\t\t\t\t<div class=\"elementor-widget-container\">\n\t\t\t\t\t\t\t\t\t<h2><strong>Wichtige Fragen zur Gr\u00fcndung<\/strong><\/h2>\t\t\t\t\t\t\t\t<\/div>\n\t\t\t\t<\/div>\n\t\t\t\t<div class=\"elementor-element elementor-element-5c416d2 elementor-icon-list--layout-traditional elementor-list-item-link-full_width elementor-widget elementor-widget-icon-list\" data-id=\"5c416d2\" data-element_type=\"widget\" data-widget_type=\"icon-list.default\">\n\t\t\t\t<div class=\"elementor-widget-container\">\n\t\t\t\t\t\t\t<ul class=\"elementor-icon-list-items\">\n\t\t\t\t\t\t\t<li class=\"elementor-icon-list-item\">\n\t\t\t\t\t\t\t\t\t\t\t<span class=\"elementor-icon-list-icon\">\n\t\t\t\t\t\t\t<i aria-hidden=\"true\" class=\"fas fa-check-square\"><\/i>\t\t\t\t\t\t<\/span>\n\t\t\t\t\t\t\t\t\t\t<span class=\"elementor-icon-list-text\">Habe ich klare Vorstellungen von meiner Gesch\u00e4ftsidee?<\/span>\n\t\t\t\t\t\t\t\t\t<\/li>\n\t\t\t\t\t\t\t\t<li class=\"elementor-icon-list-item\">\n\t\t\t\t\t\t\t\t\t\t\t<span class=\"elementor-icon-list-icon\">\n\t\t\t\t\t\t\t<i aria-hidden=\"true\" class=\"fas fa-check-square\"><\/i>\t\t\t\t\t\t<\/span>\n\t\t\t\t\t\t\t\t\t\t<span class=\"elementor-icon-list-text\">Ist ein ausreichend gro\u00dfer Markt vorhanden?<\/span>\n\t\t\t\t\t\t\t\t\t<\/li>\n\t\t\t\t\t\t\t\t<li class=\"elementor-icon-list-item\">\n\t\t\t\t\t\t\t\t\t\t\t<span class=\"elementor-icon-list-icon\">\n\t\t\t\t\t\t\t<i aria-hidden=\"true\" class=\"fas fa-check-square\"><\/i>\t\t\t\t\t\t<\/span>\n\t\t\t\t\t\t\t\t\t\t<span class=\"elementor-icon-list-text\">Was unterscheidet mich von anderen Mitbewerbern?<\/span>\n\t\t\t\t\t\t\t\t\t<\/li>\n\t\t\t\t\t\t\t\t<li class=\"elementor-icon-list-item\">\n\t\t\t\t\t\t\t\t\t\t\t<span class=\"elementor-icon-list-icon\">\n\t\t\t\t\t\t\t<i aria-hidden=\"true\" class=\"fas fa-check-square\"><\/i>\t\t\t\t\t\t<\/span>\n\t\t\t\t\t\t\t\t\t\t<span class=\"elementor-icon-list-text\">Welche Voraussetzungen sind f\u00fcr die Gewerbeaus\u00fcbung erforderlich?<\/span>\n\t\t\t\t\t\t\t\t\t<\/li>\n\t\t\t\t\t\t\t\t<li class=\"elementor-icon-list-item\">\n\t\t\t\t\t\t\t\t\t\t\t<span class=\"elementor-icon-list-icon\">\n\t\t\t\t\t\t\t<i aria-hidden=\"true\" class=\"fas fa-check-square\"><\/i>\t\t\t\t\t\t<\/span>\n\t\t\t\t\t\t\t\t\t\t<span class=\"elementor-icon-list-text\">Welche finanziellen Mittel ben\u00f6tige ich f\u00fcr die Umsetzung?<\/span>\n\t\t\t\t\t\t\t\t\t<\/li>\n\t\t\t\t\t\t\t\t<li class=\"elementor-icon-list-item\">\n\t\t\t\t\t\t\t\t\t\t\t<span class=\"elementor-icon-list-icon\">\n\t\t\t\t\t\t\t<i aria-hidden=\"true\" class=\"fas fa-check-square\"><\/i>\t\t\t\t\t\t<\/span>\n\t\t\t\t\t\t\t\t\t\t<span class=\"elementor-icon-list-text\">Wie soll die Finanzierung erfolgen?<\/span>\n\t\t\t\t\t\t\t\t\t<\/li>\n\t\t\t\t\t\t\t\t<li class=\"elementor-icon-list-item\">\n\t\t\t\t\t\t\t\t\t\t\t<span class=\"elementor-icon-list-icon\">\n\t\t\t\t\t\t\t<i aria-hidden=\"true\" class=\"fas fa-check-square\"><\/i>\t\t\t\t\t\t<\/span>\n\t\t\t\t\t\t\t\t\t\t<span class=\"elementor-icon-list-text\">Welche F\u00f6rderungen gibt es?<\/span>\n\t\t\t\t\t\t\t\t\t<\/li>\n\t\t\t\t\t\t\t\t<li class=\"elementor-icon-list-item\">\n\t\t\t\t\t\t\t\t\t\t\t<span class=\"elementor-icon-list-icon\">\n\t\t\t\t\t\t\t<i aria-hidden=\"true\" class=\"fas fa-check-square\"><\/i>\t\t\t\t\t\t<\/span>\n\t\t\t\t\t\t\t\t\t\t<span class=\"elementor-icon-list-text\">Mit welchen Kosten muss ich rechnen?<\/span>\n\t\t\t\t\t\t\t\t\t<\/li>\n\t\t\t\t\t\t\t\t<li class=\"elementor-icon-list-item\">\n\t\t\t\t\t\t\t\t\t\t\t<span class=\"elementor-icon-list-icon\">\n\t\t\t\t\t\t\t<i aria-hidden=\"true\" class=\"fas fa-check-square\"><\/i>\t\t\t\t\t\t<\/span>\n\t\t\t\t\t\t\t\t\t\t<span class=\"elementor-icon-list-text\">Wie bin ich sozial abgesichert?<\/span>\n\t\t\t\t\t\t\t\t\t<\/li>\n\t\t\t\t\t\t\t\t<li class=\"elementor-icon-list-item\">\n\t\t\t\t\t\t\t\t\t\t\t<span class=\"elementor-icon-list-icon\">\n\t\t\t\t\t\t\t<i aria-hidden=\"true\" class=\"fas fa-check-square\"><\/i>\t\t\t\t\t\t<\/span>\n\t\t\t\t\t\t\t\t\t\t<span class=\"elementor-icon-list-text\">Wie organisiere ich die Abl\u00e4ufe, das Rechnungswesen\u2026?<\/span>\n\t\t\t\t\t\t\t\t\t<\/li>\n\t\t\t\t\t\t<\/ul>\n\t\t\t\t\t\t<\/div>\n\t\t\t\t<\/div>\n\t\t\t\t\t<\/div>\n\t\t<\/div>\n\t\t\t\t\t<\/div>\n\t\t<\/section>\n\t\t\t\t\t<\/div>\n\t\t<\/div>\n\t\t\t\t\t<\/div>\n\t\t<\/section>\n\t\t\t\t<section class=\"elementor-section elementor-top-section elementor-element elementor-element-e2da9e8 elementor-section-boxed elementor-section-height-default elementor-section-height-default\" data-id=\"e2da9e8\" data-element_type=\"section\" id=\"kontakt\">\n\t\t\t\t\t\t<div class=\"elementor-container elementor-column-gap-default\">\n\t\t\t\t\t<div class=\"elementor-column elementor-col-50 elementor-top-column elementor-element elementor-element-37eb930\" data-id=\"37eb930\" data-element_type=\"column\">\n\t\t\t<div class=\"elementor-widget-wrap elementor-element-populated\">\n\t\t\t\t\t\t<div class=\"elementor-element elementor-element-ee4280b elementor-widget elementor-widget-text-editor\" data-id=\"ee4280b\" data-element_type=\"widget\" data-widget_type=\"text-editor.default\">\n\t\t\t\t<div class=\"elementor-widget-container\">\n\t\t\t\t\t\t\t\t\t<h2><strong> Unsere Kontakte <\/strong><\/h2><p>Wir stehen Ihnen stets mit Rat und Tat zur Seite und erarbeiten gemeinsam optimale L\u00f6sungen<\/p>\t\t\t\t\t\t\t\t<\/div>\n\t\t\t\t<\/div>\n\t\t\t\t<div class=\"elementor-element elementor-element-46a6a81 elementor-icon-list--layout-traditional elementor-list-item-link-full_width elementor-widget elementor-widget-icon-list\" data-id=\"46a6a81\" data-element_type=\"widget\" data-widget_type=\"icon-list.default\">\n\t\t\t\t<div class=\"elementor-widget-container\">\n\t\t\t\t\t\t\t<ul class=\"elementor-icon-list-items\">\n\t\t\t\t\t\t\t<li class=\"elementor-icon-list-item\">\n\t\t\t\t\t\t\t\t\t\t\t<a href=\"https:\/\/goo.gl\/maps\/7MAGci3dN6AhHgJM7?coh=178572&#038;entry=tt\" target=\"_blank\">\n\n\t\t\t\t\t\t\t\t\t\t\t\t<span class=\"elementor-icon-list-icon\">\n\t\t\t\t\t\t\t<i aria-hidden=\"true\" class=\"fas fa-map-marker-alt\"><\/i>\t\t\t\t\t\t<\/span>\n\t\t\t\t\t\t\t\t\t\t<span class=\"elementor-icon-list-text\">Absberggasse 29.1 (Parterre), A - 1100 Wien<\/span>\n\t\t\t\t\t\t\t\t\t\t\t<\/a>\n\t\t\t\t\t\t\t\t\t<\/li>\n\t\t\t\t\t\t\t\t<li class=\"elementor-icon-list-item\">\n\t\t\t\t\t\t\t\t\t\t\t<a href=\"mailto:kanzlei@kmu-buchhaltungen.at\">\n\n\t\t\t\t\t\t\t\t\t\t\t\t<span class=\"elementor-icon-list-icon\">\n\t\t\t\t\t\t\t<i aria-hidden=\"true\" class=\"fas fa-envelope-open-text\"><\/i>\t\t\t\t\t\t<\/span>\n\t\t\t\t\t\t\t\t\t\t<span class=\"elementor-icon-list-text\">kanzlei@kmu-buchhaltungen.at<\/span>\n\t\t\t\t\t\t\t\t\t\t\t<\/a>\n\t\t\t\t\t\t\t\t\t<\/li>\n\t\t\t\t\t\t\t\t<li class=\"elementor-icon-list-item\">\n\t\t\t\t\t\t\t\t\t\t\t<a href=\"tel:004316001220\">\n\n\t\t\t\t\t\t\t\t\t\t\t\t<span class=\"elementor-icon-list-icon\">\n\t\t\t\t\t\t\t<i aria-hidden=\"true\" class=\"fas fa-phone-square-alt\"><\/i>\t\t\t\t\t\t<\/span>\n\t\t\t\t\t\t\t\t\t\t<span class=\"elementor-icon-list-text\">+43 1 600 1220<\/span>\n\t\t\t\t\t\t\t\t\t\t\t<\/a>\n\t\t\t\t\t\t\t\t\t<\/li>\n\t\t\t\t\t\t<\/ul>\n\t\t\t\t\t\t<\/div>\n\t\t\t\t<\/div>\n\t\t\t\t<div class=\"elementor-element elementor-element-03290dc elementor-align-left elementor-widget elementor-widget-button\" data-id=\"03290dc\" data-element_type=\"widget\" data-widget_type=\"button.default\">\n\t\t\t\t<div class=\"elementor-widget-container\">\n\t\t\t\t\t\t\t\t\t<div class=\"elementor-button-wrapper\">\n\t\t\t\t\t<a class=\"elementor-button elementor-button-link elementor-size-md\" href=\"https:\/\/hotcaweb.com\/kmu-buchhaltungen\/kontakt\/\">\n\t\t\t\t\t\t<span class=\"elementor-button-content-wrapper\">\n\t\t\t\t\t\t<span class=\"elementor-button-icon\">\n\t\t\t\t<i aria-hidden=\"true\" class=\"fas fa-arrow-right\"><\/i>\t\t\t<\/span>\n\t\t\t\t\t\t\t\t\t<span class=\"elementor-button-text\">Kontaktformular<\/span>\n\t\t\t\t\t<\/span>\n\t\t\t\t\t<\/a>\n\t\t\t\t<\/div>\n\t\t\t\t\t\t\t\t<\/div>\n\t\t\t\t<\/div>\n\t\t\t\t\t<\/div>\n\t\t<\/div>\n\t\t\t\t<div class=\"elementor-column elementor-col-50 elementor-top-column elementor-element elementor-element-dfadd67\" data-id=\"dfadd67\" data-element_type=\"column\">\n\t\t\t<div class=\"elementor-widget-wrap elementor-element-populated\">\n\t\t\t\t\t\t<section class=\"elementor-section elementor-inner-section elementor-element elementor-element-3952c62 elementor-section-boxed elementor-section-height-default elementor-section-height-default\" data-id=\"3952c62\" data-element_type=\"section\" data-settings=\"{&quot;background_background&quot;:&quot;classic&quot;}\">\n\t\t\t\t\t\t<div class=\"elementor-container elementor-column-gap-default\">\n\t\t\t\t\t<div class=\"elementor-column elementor-col-100 elementor-inner-column elementor-element elementor-element-3511a28\" data-id=\"3511a28\" data-element_type=\"column\" data-settings=\"{&quot;background_background&quot;:&quot;classic&quot;}\">\n\t\t\t<div class=\"elementor-widget-wrap elementor-element-populated\">\n\t\t\t\t\t\t<div class=\"elementor-element elementor-element-5655a92 elementor-widget elementor-widget-text-editor\" data-id=\"5655a92\" data-element_type=\"widget\" data-widget_type=\"text-editor.default\">\n\t\t\t\t<div class=\"elementor-widget-container\">\n\t\t\t\t\t\t\t\t\t<h3><strong>\u00d6ffnungszeiten<\/strong><\/h3><p><strong>Termine vor Ort bitte nur nach Vereinbarung<\/strong><\/p><p>Montag bis Donnerstag von<br \/>8.00 \u2013 12.00, 13.00 \u2013 16.00 Uhr<\/p><p>Freitag von 8.00 \u2013 12.00 Uhr<\/p>\t\t\t\t\t\t\t\t<\/div>\n\t\t\t\t<\/div>\n\t\t\t\t\t<\/div>\n\t\t<\/div>\n\t\t\t\t\t<\/div>\n\t\t<\/section>\n\t\t\t\t\t<\/div>\n\t\t<\/div>\n\t\t\t\t\t<\/div>\n\t\t<\/section>\n\t\t\t\t<\/div>\n\t\t","protected":false},"excerpt":{"rendered":"<p>Betriebsgr\u00fcndung Home Betriebsgr\u00fcndung Ihr Buchhaltungsspezialist, Berater &amp; Partner Die Wirtschaft braucht erfolgreiche Gr\u00fcnderInnen\/UnternehmerInnen die bereit sind durch \u00fcberdurchschnittlichen Einsatz Ihre Ideen zu verwirklichen. Bevor man diesen Weg beschreitet sollten Sie sich mit nachstehenden Fragen besch\u00e4ftigen und sich ausf\u00fchrlich damit auseinandersetzen. Gerne unterst\u00fctzen wir Sie bei all diesen Fragen und werden Ihnen noch weitere Ans\u00e4tze anbieten. [&hellip;]<\/p>\n","protected":false},"author":1,"featured_media":0,"parent":0,"menu_order":0,"comment_status":"closed","ping_status":"closed","template":"","meta":{"footnotes":""},"class_list":["post-534","page","type-page","status-publish","hentry"],"yoast_head":"<!-- This site is optimized with the Yoast SEO plugin v24.6 - https:\/\/yoast.com\/wordpress\/plugins\/seo\/ -->\n<title>Betriebsgr\u00fcndung - KMU Buchhaltungen Wien<\/title>\n<meta name=\"description\" content=\"Ihr Buchhaltungsspezialist, Berater &amp; Partner in Wien. Unsere bestens ausgebildeten Mitarbeiter bieten Ihnen ein umfassendes Service.\" \/>\n<meta name=\"robots\" content=\"noindex, follow, max-snippet:-1, max-image-preview:large, max-video-preview:-1\" \/>\n<meta property=\"og:locale\" content=\"en_US\" \/>\n<meta property=\"og:type\" content=\"article\" \/>\n<meta property=\"og:title\" content=\"Betriebsgr\u00fcndung - KMU Buchhaltungen Wien\" \/>\n<meta property=\"og:description\" content=\"Ihr Buchhaltungsspezialist, Berater &amp; Partner in Wien. Unsere bestens ausgebildeten Mitarbeiter bieten Ihnen ein umfassendes Service.\" \/>\n<meta property=\"og:url\" content=\"https:\/\/hotcaweb.com\/kmu-buchhaltungen\/betriebsgrundung\/\" \/>\n<meta property=\"og:site_name\" content=\"KMU Buchhaltungen Wien\" \/>\n<meta property=\"article:modified_time\" content=\"2023-06-06T06:06:02+00:00\" \/>\n<meta name=\"twitter:card\" content=\"summary_large_image\" \/>\n<meta name=\"twitter:label1\" content=\"Est. reading time\" \/>\n\t<meta name=\"twitter:data1\" content=\"1 minute\" \/>\n<script type=\"application\/ld+json\" class=\"yoast-schema-graph\">{\"@context\":\"https:\/\/schema.org\",\"@graph\":[{\"@type\":\"WebPage\",\"@id\":\"https:\/\/hotcaweb.com\/kmu-buchhaltungen\/betriebsgrundung\/\",\"url\":\"https:\/\/hotcaweb.com\/kmu-buchhaltungen\/betriebsgrundung\/\",\"name\":\"Betriebsgr\u00fcndung - KMU Buchhaltungen Wien\",\"isPartOf\":{\"@id\":\"https:\/\/hotcaweb.com\/kmu-buchhaltungen\/#website\"},\"datePublished\":\"2023-05-10T14:51:36+00:00\",\"dateModified\":\"2023-06-06T06:06:02+00:00\",\"description\":\"Ihr Buchhaltungsspezialist, Berater & Partner in Wien. Unsere bestens ausgebildeten Mitarbeiter bieten Ihnen ein umfassendes Service.\",\"breadcrumb\":{\"@id\":\"https:\/\/hotcaweb.com\/kmu-buchhaltungen\/betriebsgrundung\/#breadcrumb\"},\"inLanguage\":\"en-US\",\"potentialAction\":[{\"@type\":\"ReadAction\",\"target\":[\"https:\/\/hotcaweb.com\/kmu-buchhaltungen\/betriebsgrundung\/\"]}]},{\"@type\":\"BreadcrumbList\",\"@id\":\"https:\/\/hotcaweb.com\/kmu-buchhaltungen\/betriebsgrundung\/#breadcrumb\",\"itemListElement\":[{\"@type\":\"ListItem\",\"position\":1,\"name\":\"Home\",\"item\":\"https:\/\/hotcaweb.com\/kmu-buchhaltungen\/\"},{\"@type\":\"ListItem\",\"position\":2,\"name\":\"Betriebsgr\u00fcndung\"}]},{\"@type\":\"WebSite\",\"@id\":\"https:\/\/hotcaweb.com\/kmu-buchhaltungen\/#website\",\"url\":\"https:\/\/hotcaweb.com\/kmu-buchhaltungen\/\",\"name\":\"KMU Buchhaltungen Wien\",\"description\":\"\",\"publisher\":{\"@id\":\"https:\/\/hotcaweb.com\/kmu-buchhaltungen\/#organization\"},\"potentialAction\":[{\"@type\":\"SearchAction\",\"target\":{\"@type\":\"EntryPoint\",\"urlTemplate\":\"https:\/\/hotcaweb.com\/kmu-buchhaltungen\/?s={search_term_string}\"},\"query-input\":{\"@type\":\"PropertyValueSpecification\",\"valueRequired\":true,\"valueName\":\"search_term_string\"}}],\"inLanguage\":\"en-US\"},{\"@type\":\"Organization\",\"@id\":\"https:\/\/hotcaweb.com\/kmu-buchhaltungen\/#organization\",\"name\":\"KMU Buchhaltungen Wien\",\"url\":\"https:\/\/hotcaweb.com\/kmu-buchhaltungen\/\",\"logo\":{\"@type\":\"ImageObject\",\"inLanguage\":\"en-US\",\"@id\":\"https:\/\/hotcaweb.com\/kmu-buchhaltungen\/#\/schema\/logo\/image\/\",\"url\":\"https:\/\/hotcaweb.com\/kmu-buchhaltungen\/wp-content\/uploads\/2023\/05\/Visitenkarten-KMU-2019_logo.png\",\"contentUrl\":\"https:\/\/hotcaweb.com\/kmu-buchhaltungen\/wp-content\/uploads\/2023\/05\/Visitenkarten-KMU-2019_logo.png\",\"width\":467,\"height\":266,\"caption\":\"KMU Buchhaltungen Wien\"},\"image\":{\"@id\":\"https:\/\/hotcaweb.com\/kmu-buchhaltungen\/#\/schema\/logo\/image\/\"}}]}<\/script>\n<!-- \/ Yoast SEO plugin. -->","yoast_head_json":{"title":"Betriebsgr\u00fcndung - KMU Buchhaltungen Wien","description":"Ihr Buchhaltungsspezialist, Berater & Partner in Wien. Unsere bestens ausgebildeten Mitarbeiter bieten Ihnen ein umfassendes Service.","robots":{"index":"noindex","follow":"follow","max-snippet":"max-snippet:-1","max-image-preview":"max-image-preview:large","max-video-preview":"max-video-preview:-1"},"og_locale":"en_US","og_type":"article","og_title":"Betriebsgr\u00fcndung - KMU Buchhaltungen Wien","og_description":"Ihr Buchhaltungsspezialist, Berater & Partner in Wien. Unsere bestens ausgebildeten Mitarbeiter bieten Ihnen ein umfassendes Service.","og_url":"https:\/\/hotcaweb.com\/kmu-buchhaltungen\/betriebsgrundung\/","og_site_name":"KMU Buchhaltungen Wien","article_modified_time":"2023-06-06T06:06:02+00:00","twitter_card":"summary_large_image","twitter_misc":{"Est. reading time":"1 minute"},"schema":{"@context":"https:\/\/schema.org","@graph":[{"@type":"WebPage","@id":"https:\/\/hotcaweb.com\/kmu-buchhaltungen\/betriebsgrundung\/","url":"https:\/\/hotcaweb.com\/kmu-buchhaltungen\/betriebsgrundung\/","name":"Betriebsgr\u00fcndung - KMU Buchhaltungen Wien","isPartOf":{"@id":"https:\/\/hotcaweb.com\/kmu-buchhaltungen\/#website"},"datePublished":"2023-05-10T14:51:36+00:00","dateModified":"2023-06-06T06:06:02+00:00","description":"Ihr Buchhaltungsspezialist, Berater & Partner in Wien. Unsere bestens ausgebildeten Mitarbeiter bieten Ihnen ein umfassendes Service.","breadcrumb":{"@id":"https:\/\/hotcaweb.com\/kmu-buchhaltungen\/betriebsgrundung\/#breadcrumb"},"inLanguage":"en-US","potentialAction":[{"@type":"ReadAction","target":["https:\/\/hotcaweb.com\/kmu-buchhaltungen\/betriebsgrundung\/"]}]},{"@type":"BreadcrumbList","@id":"https:\/\/hotcaweb.com\/kmu-buchhaltungen\/betriebsgrundung\/#breadcrumb","itemListElement":[{"@type":"ListItem","position":1,"name":"Home","item":"https:\/\/hotcaweb.com\/kmu-buchhaltungen\/"},{"@type":"ListItem","position":2,"name":"Betriebsgr\u00fcndung"}]},{"@type":"WebSite","@id":"https:\/\/hotcaweb.com\/kmu-buchhaltungen\/#website","url":"https:\/\/hotcaweb.com\/kmu-buchhaltungen\/","name":"KMU Buchhaltungen Wien","description":"","publisher":{"@id":"https:\/\/hotcaweb.com\/kmu-buchhaltungen\/#organization"},"potentialAction":[{"@type":"SearchAction","target":{"@type":"EntryPoint","urlTemplate":"https:\/\/hotcaweb.com\/kmu-buchhaltungen\/?s={search_term_string}"},"query-input":{"@type":"PropertyValueSpecification","valueRequired":true,"valueName":"search_term_string"}}],"inLanguage":"en-US"},{"@type":"Organization","@id":"https:\/\/hotcaweb.com\/kmu-buchhaltungen\/#organization","name":"KMU Buchhaltungen Wien","url":"https:\/\/hotcaweb.com\/kmu-buchhaltungen\/","logo":{"@type":"ImageObject","inLanguage":"en-US","@id":"https:\/\/hotcaweb.com\/kmu-buchhaltungen\/#\/schema\/logo\/image\/","url":"https:\/\/hotcaweb.com\/kmu-buchhaltungen\/wp-content\/uploads\/2023\/05\/Visitenkarten-KMU-2019_logo.png","contentUrl":"https:\/\/hotcaweb.com\/kmu-buchhaltungen\/wp-content\/uploads\/2023\/05\/Visitenkarten-KMU-2019_logo.png","width":467,"height":266,"caption":"KMU Buchhaltungen Wien"},"image":{"@id":"https:\/\/hotcaweb.com\/kmu-buchhaltungen\/#\/schema\/logo\/image\/"}}]}},"_links":{"self":[{"href":"https:\/\/hotcaweb.com\/kmu-buchhaltungen\/wp-json\/wp\/v2\/pages\/534","targetHints":{"allow":["GET"]}}],"collection":[{"href":"https:\/\/hotcaweb.com\/kmu-buchhaltungen\/wp-json\/wp\/v2\/pages"}],"about":[{"href":"https:\/\/hotcaweb.com\/kmu-buchhaltungen\/wp-json\/wp\/v2\/types\/page"}],"author":[{"embeddable":true,"href":"https:\/\/hotcaweb.com\/kmu-buchhaltungen\/wp-json\/wp\/v2\/users\/1"}],"replies":[{"embeddable":true,"href":"https:\/\/hotcaweb.com\/kmu-buchhaltungen\/wp-json\/wp\/v2\/comments?post=534"}],"version-history":[{"count":10,"href":"https:\/\/hotcaweb.com\/kmu-buchhaltungen\/wp-json\/wp\/v2\/pages\/534\/revisions"}],"predecessor-version":[{"id":783,"href":"https:\/\/hotcaweb.com\/kmu-buchhaltungen\/wp-json\/wp\/v2\/pages\/534\/revisions\/783"}],"wp:attachment":[{"href":"https:\/\/hotcaweb.com\/kmu-buchhaltungen\/wp-json\/wp\/v2\/media?parent=534"}],"curies":[{"name":"wp","href":"https:\/\/api.w.org\/{rel}","templated":true}]}}