{"id":520,"date":"2023-05-10T13:32:24","date_gmt":"2023-05-10T13:32:24","guid":{"rendered":"https:\/\/hotcaweb.com\/kmu-buchhaltungen\/?page_id=520"},"modified":"2023-06-06T06:05:47","modified_gmt":"2023-06-06T06:05:47","slug":"kostenrechnung-kalkulation","status":"publish","type":"page","link":"https:\/\/hotcaweb.com\/kmu-buchhaltungen\/kostenrechnung-kalkulation\/","title":{"rendered":"Kostenrechnung \/ Kalkulation"},"content":{"rendered":"\t\t<div data-elementor-type=\"wp-page\" data-elementor-id=\"520\" class=\"elementor elementor-520\">\n\t\t\t\t\t\t<section class=\"elementor-section elementor-top-section elementor-element elementor-element-661406f elementor-section-height-min-height elementor-section-boxed elementor-section-height-default elementor-section-items-middle\" data-id=\"661406f\" data-element_type=\"section\" data-settings=\"{&quot;background_background&quot;:&quot;classic&quot;}\">\n\t\t\t\t\t\t<div class=\"elementor-container elementor-column-gap-default\">\n\t\t\t\t\t<div class=\"elementor-column elementor-col-50 elementor-top-column elementor-element elementor-element-8646b0b\" data-id=\"8646b0b\" data-element_type=\"column\">\n\t\t\t<div class=\"elementor-widget-wrap elementor-element-populated\">\n\t\t\t\t\t\t<div class=\"elementor-element elementor-element-3d04afd elementor-widget elementor-widget-text-editor\" data-id=\"3d04afd\" data-element_type=\"widget\" data-widget_type=\"text-editor.default\">\n\t\t\t\t<div class=\"elementor-widget-container\">\n\t\t\t\t\t\t\t\t\t<h1><strong>Kostenrechnung \/ Kalkulation<\/strong><\/h1>\t\t\t\t\t\t\t\t<\/div>\n\t\t\t\t<\/div>\n\t\t\t\t\t<\/div>\n\t\t<\/div>\n\t\t\t\t<div class=\"elementor-column elementor-col-50 elementor-top-column elementor-element elementor-element-779c721\" data-id=\"779c721\" data-element_type=\"column\">\n\t\t\t<div class=\"elementor-widget-wrap elementor-element-populated\">\n\t\t\t\t\t\t<div class=\"elementor-element elementor-element-a4d038e elementor-icon-list--layout-inline elementor-align-right breadcrumb-ch elementor-mobile-align-left elementor-list-item-link-full_width elementor-widget elementor-widget-icon-list\" data-id=\"a4d038e\" data-element_type=\"widget\" data-widget_type=\"icon-list.default\">\n\t\t\t\t<div class=\"elementor-widget-container\">\n\t\t\t\t\t\t\t<ul class=\"elementor-icon-list-items elementor-inline-items\">\n\t\t\t\t\t\t\t<li class=\"elementor-icon-list-item elementor-inline-item\">\n\t\t\t\t\t\t\t\t\t\t\t<a href=\"https:\/\/hotcaweb.com\/kmu-buchhaltungen\/\">\n\n\t\t\t\t\t\t\t\t\t\t\t\t<span class=\"elementor-icon-list-icon\">\n\t\t\t\t\t\t\t<i aria-hidden=\"true\" class=\"fas fa-home\"><\/i>\t\t\t\t\t\t<\/span>\n\t\t\t\t\t\t\t\t\t\t<span class=\"elementor-icon-list-text\">Home<\/span>\n\t\t\t\t\t\t\t\t\t\t\t<\/a>\n\t\t\t\t\t\t\t\t\t<\/li>\n\t\t\t\t\t\t\t\t<li class=\"elementor-icon-list-item elementor-inline-item\">\n\t\t\t\t\t\t\t\t\t\t\t<span class=\"elementor-icon-list-icon\">\n\t\t\t\t\t\t\t<i aria-hidden=\"true\" class=\"fas fa-angle-right\"><\/i>\t\t\t\t\t\t<\/span>\n\t\t\t\t\t\t\t\t\t\t<span class=\"elementor-icon-list-text\">Kostenrechnung \/ Kalkulation<\/span>\n\t\t\t\t\t\t\t\t\t<\/li>\n\t\t\t\t\t\t<\/ul>\n\t\t\t\t\t\t<\/div>\n\t\t\t\t<\/div>\n\t\t\t\t\t<\/div>\n\t\t<\/div>\n\t\t\t\t\t<\/div>\n\t\t<\/section>\n\t\t\t\t<section class=\"elementor-section elementor-top-section elementor-element elementor-element-a130170 elementor-section-boxed elementor-section-height-default elementor-section-height-default\" data-id=\"a130170\" data-element_type=\"section\" data-settings=\"{&quot;background_background&quot;:&quot;classic&quot;}\">\n\t\t\t\t\t\t<div class=\"elementor-container elementor-column-gap-default\">\n\t\t\t\t\t<div class=\"elementor-column elementor-col-50 elementor-top-column elementor-element elementor-element-ce40ae5\" data-id=\"ce40ae5\" data-element_type=\"column\">\n\t\t\t<div class=\"elementor-widget-wrap elementor-element-populated\">\n\t\t\t\t\t\t<div class=\"elementor-element elementor-element-e53c5b4 elementor-widget elementor-widget-text-editor\" data-id=\"e53c5b4\" data-element_type=\"widget\" data-widget_type=\"text-editor.default\">\n\t\t\t\t<div class=\"elementor-widget-container\">\n\t\t\t\t\t\t\t\t\t<h2><strong>Ihr Buchhaltungsspezialist, Berater &amp; Partner <\/strong><\/h2><p>Die Kostenrechnung zeigt den Unternehmer die tats\u00e4chlichen Kosten seines Betriebes auf. Auf Grund dieser Kosten werden dann die Preise f\u00fcr Ihre Produkte\/Dienstleistungen kalkuliert.<\/p><p>Um sich im harten Konkurrenzkampf behaupten zu k\u00f6nnen, ist eine zukunfts- und ertragsorientierte Kalkulation Voraussetzung.<\/p><p>Wir stehen Ihnen st\u00e4ndig zur Seite und unterst\u00fctzen bei der Auswahl geeigneter Kostenrechnungssysteme, einschlie\u00dflich der Deckungsbeitrags- und Plankostenrechnung.<\/p>\t\t\t\t\t\t\t\t<\/div>\n\t\t\t\t<\/div>\n\t\t\t\t<div class=\"elementor-element elementor-element-af6e9b7 elementor-align-left elementor-widget elementor-widget-button\" data-id=\"af6e9b7\" data-element_type=\"widget\" data-widget_type=\"button.default\">\n\t\t\t\t<div class=\"elementor-widget-container\">\n\t\t\t\t\t\t\t\t\t<div class=\"elementor-button-wrapper\">\n\t\t\t\t\t<a class=\"elementor-button elementor-button-link elementor-size-md\" href=\"#kontakt\">\n\t\t\t\t\t\t<span class=\"elementor-button-content-wrapper\">\n\t\t\t\t\t\t<span class=\"elementor-button-icon\">\n\t\t\t\t<i aria-hidden=\"true\" class=\"fas fa-arrow-right\"><\/i>\t\t\t<\/span>\n\t\t\t\t\t\t\t\t\t<span class=\"elementor-button-text\">Kontaktieren Sie uns!<\/span>\n\t\t\t\t\t<\/span>\n\t\t\t\t\t<\/a>\n\t\t\t\t<\/div>\n\t\t\t\t\t\t\t\t<\/div>\n\t\t\t\t<\/div>\n\t\t\t\t\t<\/div>\n\t\t<\/div>\n\t\t\t\t<div class=\"elementor-column elementor-col-50 elementor-top-column elementor-element elementor-element-0808267\" data-id=\"0808267\" data-element_type=\"column\">\n\t\t\t<div class=\"elementor-widget-wrap elementor-element-populated\">\n\t\t\t\t\t\t<section class=\"elementor-section elementor-inner-section elementor-element elementor-element-bb72c2d elementor-section-boxed elementor-section-height-default elementor-section-height-default\" data-id=\"bb72c2d\" data-element_type=\"section\">\n\t\t\t\t\t\t<div class=\"elementor-container elementor-column-gap-default\">\n\t\t\t\t\t<div class=\"elementor-column elementor-col-100 elementor-inner-column elementor-element elementor-element-8b90006\" data-id=\"8b90006\" data-element_type=\"column\" data-settings=\"{&quot;background_background&quot;:&quot;classic&quot;}\">\n\t\t\t<div class=\"elementor-widget-wrap elementor-element-populated\">\n\t\t\t\t\t\t<div class=\"elementor-element elementor-element-41a0693 elementor-widget elementor-widget-text-editor\" data-id=\"41a0693\" data-element_type=\"widget\" data-widget_type=\"text-editor.default\">\n\t\t\t\t<div class=\"elementor-widget-container\">\n\t\t\t\t\t\t\t\t\t<h2><strong>Grundlage jeder Kostenrechnung ist eine aussagef\u00e4hige Buchhaltung.<\/strong><\/h2>\t\t\t\t\t\t\t\t<\/div>\n\t\t\t\t<\/div>\n\t\t\t\t<div class=\"elementor-element elementor-element-5c416d2 elementor-icon-list--layout-traditional elementor-list-item-link-full_width elementor-widget elementor-widget-icon-list\" data-id=\"5c416d2\" data-element_type=\"widget\" data-widget_type=\"icon-list.default\">\n\t\t\t\t<div class=\"elementor-widget-container\">\n\t\t\t\t\t\t\t<ul class=\"elementor-icon-list-items\">\n\t\t\t\t\t\t\t<li class=\"elementor-icon-list-item\">\n\t\t\t\t\t\t\t\t\t\t\t<span class=\"elementor-icon-list-icon\">\n\t\t\t\t\t\t\t<i aria-hidden=\"true\" class=\"fas fa-check-square\"><\/i>\t\t\t\t\t\t<\/span>\n\t\t\t\t\t\t\t\t\t\t<span class=\"elementor-icon-list-text\">Kosteneinsparungen<\/span>\n\t\t\t\t\t\t\t\t\t<\/li>\n\t\t\t\t\t\t\t\t<li class=\"elementor-icon-list-item\">\n\t\t\t\t\t\t\t\t\t\t\t<span class=\"elementor-icon-list-icon\">\n\t\t\t\t\t\t\t<i aria-hidden=\"true\" class=\"fas fa-check-square\"><\/i>\t\t\t\t\t\t<\/span>\n\t\t\t\t\t\t\t\t\t\t<span class=\"elementor-icon-list-text\">Kostenanalyse<\/span>\n\t\t\t\t\t\t\t\t\t<\/li>\n\t\t\t\t\t\t\t\t<li class=\"elementor-icon-list-item\">\n\t\t\t\t\t\t\t\t\t\t\t<span class=\"elementor-icon-list-icon\">\n\t\t\t\t\t\t\t<i aria-hidden=\"true\" class=\"fas fa-check-square\"><\/i>\t\t\t\t\t\t<\/span>\n\t\t\t\t\t\t\t\t\t\t<span class=\"elementor-icon-list-text\">Gewinn- und Verlusth\u00f6hen bei einzelnen Produkten oder Leistungen<\/span>\n\t\t\t\t\t\t\t\t\t<\/li>\n\t\t\t\t\t\t\t\t<li class=\"elementor-icon-list-item\">\n\t\t\t\t\t\t\t\t\t\t\t<span class=\"elementor-icon-list-icon\">\n\t\t\t\t\t\t\t<i aria-hidden=\"true\" class=\"fas fa-check-square\"><\/i>\t\t\t\t\t\t<\/span>\n\t\t\t\t\t\t\t\t\t\t<span class=\"elementor-icon-list-text\">Marktstrategien<\/span>\n\t\t\t\t\t\t\t\t\t<\/li>\n\t\t\t\t\t\t\t\t<li class=\"elementor-icon-list-item\">\n\t\t\t\t\t\t\t\t\t\t\t<span class=\"elementor-icon-list-icon\">\n\t\t\t\t\t\t\t<i aria-hidden=\"true\" class=\"fas fa-check-square\"><\/i>\t\t\t\t\t\t<\/span>\n\t\t\t\t\t\t\t\t\t\t<span class=\"elementor-icon-list-text\">optimaler Betriebsgr\u00f6\u00dfe<\/span>\n\t\t\t\t\t\t\t\t\t<\/li>\n\t\t\t\t\t\t\t\t<li class=\"elementor-icon-list-item\">\n\t\t\t\t\t\t\t\t\t\t\t<span class=\"elementor-icon-list-icon\">\n\t\t\t\t\t\t\t<i aria-hidden=\"true\" class=\"fas fa-check-square\"><\/i>\t\t\t\t\t\t<\/span>\n\t\t\t\t\t\t\t\t\t\t<span class=\"elementor-icon-list-text\">Preisuntergrenzen<\/span>\n\t\t\t\t\t\t\t\t\t<\/li>\n\t\t\t\t\t\t<\/ul>\n\t\t\t\t\t\t<\/div>\n\t\t\t\t<\/div>\n\t\t\t\t\t<\/div>\n\t\t<\/div>\n\t\t\t\t\t<\/div>\n\t\t<\/section>\n\t\t\t\t\t<\/div>\n\t\t<\/div>\n\t\t\t\t\t<\/div>\n\t\t<\/section>\n\t\t\t\t<section class=\"elementor-section elementor-top-section elementor-element elementor-element-e2da9e8 elementor-section-boxed elementor-section-height-default elementor-section-height-default\" data-id=\"e2da9e8\" data-element_type=\"section\" id=\"kontakt\">\n\t\t\t\t\t\t<div class=\"elementor-container elementor-column-gap-default\">\n\t\t\t\t\t<div class=\"elementor-column elementor-col-50 elementor-top-column elementor-element elementor-element-37eb930\" data-id=\"37eb930\" data-element_type=\"column\">\n\t\t\t<div class=\"elementor-widget-wrap elementor-element-populated\">\n\t\t\t\t\t\t<div class=\"elementor-element elementor-element-ee4280b elementor-widget elementor-widget-text-editor\" data-id=\"ee4280b\" data-element_type=\"widget\" data-widget_type=\"text-editor.default\">\n\t\t\t\t<div class=\"elementor-widget-container\">\n\t\t\t\t\t\t\t\t\t<h2><strong> Unsere Kontakte <\/strong><\/h2><p>Wir werden Ihnen so schnell wie m\u00f6glich antworten. Bei Fragen finden Sie hier unsere direkten Ansprechpartner<\/p>\t\t\t\t\t\t\t\t<\/div>\n\t\t\t\t<\/div>\n\t\t\t\t<div class=\"elementor-element elementor-element-46a6a81 elementor-icon-list--layout-traditional elementor-list-item-link-full_width elementor-widget elementor-widget-icon-list\" data-id=\"46a6a81\" data-element_type=\"widget\" data-widget_type=\"icon-list.default\">\n\t\t\t\t<div class=\"elementor-widget-container\">\n\t\t\t\t\t\t\t<ul class=\"elementor-icon-list-items\">\n\t\t\t\t\t\t\t<li class=\"elementor-icon-list-item\">\n\t\t\t\t\t\t\t\t\t\t\t<a href=\"https:\/\/goo.gl\/maps\/7MAGci3dN6AhHgJM7?coh=178572&#038;entry=tt\" target=\"_blank\">\n\n\t\t\t\t\t\t\t\t\t\t\t\t<span class=\"elementor-icon-list-icon\">\n\t\t\t\t\t\t\t<i aria-hidden=\"true\" class=\"fas fa-map-marker-alt\"><\/i>\t\t\t\t\t\t<\/span>\n\t\t\t\t\t\t\t\t\t\t<span class=\"elementor-icon-list-text\">Absberggasse 29.1 (Parterre), A - 1100 Wien<\/span>\n\t\t\t\t\t\t\t\t\t\t\t<\/a>\n\t\t\t\t\t\t\t\t\t<\/li>\n\t\t\t\t\t\t\t\t<li class=\"elementor-icon-list-item\">\n\t\t\t\t\t\t\t\t\t\t\t<a href=\"mailto:kanzlei@kmu-buchhaltungen.at\">\n\n\t\t\t\t\t\t\t\t\t\t\t\t<span class=\"elementor-icon-list-icon\">\n\t\t\t\t\t\t\t<i aria-hidden=\"true\" class=\"fas fa-envelope-open-text\"><\/i>\t\t\t\t\t\t<\/span>\n\t\t\t\t\t\t\t\t\t\t<span class=\"elementor-icon-list-text\">kanzlei@kmu-buchhaltungen.at<\/span>\n\t\t\t\t\t\t\t\t\t\t\t<\/a>\n\t\t\t\t\t\t\t\t\t<\/li>\n\t\t\t\t\t\t\t\t<li class=\"elementor-icon-list-item\">\n\t\t\t\t\t\t\t\t\t\t\t<a href=\"tel:004316001220\">\n\n\t\t\t\t\t\t\t\t\t\t\t\t<span class=\"elementor-icon-list-icon\">\n\t\t\t\t\t\t\t<i aria-hidden=\"true\" class=\"fas fa-phone-square-alt\"><\/i>\t\t\t\t\t\t<\/span>\n\t\t\t\t\t\t\t\t\t\t<span class=\"elementor-icon-list-text\">+43 1 600 1220<\/span>\n\t\t\t\t\t\t\t\t\t\t\t<\/a>\n\t\t\t\t\t\t\t\t\t<\/li>\n\t\t\t\t\t\t<\/ul>\n\t\t\t\t\t\t<\/div>\n\t\t\t\t<\/div>\n\t\t\t\t<div class=\"elementor-element elementor-element-8ba989a elementor-align-left elementor-widget elementor-widget-button\" data-id=\"8ba989a\" data-element_type=\"widget\" data-widget_type=\"button.default\">\n\t\t\t\t<div class=\"elementor-widget-container\">\n\t\t\t\t\t\t\t\t\t<div class=\"elementor-button-wrapper\">\n\t\t\t\t\t<a class=\"elementor-button elementor-button-link elementor-size-md\" href=\"https:\/\/hotcaweb.com\/kmu-buchhaltungen\/kontakt\/\">\n\t\t\t\t\t\t<span class=\"elementor-button-content-wrapper\">\n\t\t\t\t\t\t<span class=\"elementor-button-icon\">\n\t\t\t\t<i aria-hidden=\"true\" class=\"fas fa-arrow-right\"><\/i>\t\t\t<\/span>\n\t\t\t\t\t\t\t\t\t<span class=\"elementor-button-text\">Kontaktformular<\/span>\n\t\t\t\t\t<\/span>\n\t\t\t\t\t<\/a>\n\t\t\t\t<\/div>\n\t\t\t\t\t\t\t\t<\/div>\n\t\t\t\t<\/div>\n\t\t\t\t\t<\/div>\n\t\t<\/div>\n\t\t\t\t<div class=\"elementor-column elementor-col-50 elementor-top-column elementor-element elementor-element-dfadd67\" data-id=\"dfadd67\" data-element_type=\"column\">\n\t\t\t<div class=\"elementor-widget-wrap elementor-element-populated\">\n\t\t\t\t\t\t<section class=\"elementor-section elementor-inner-section elementor-element elementor-element-3952c62 elementor-section-boxed elementor-section-height-default elementor-section-height-default\" data-id=\"3952c62\" data-element_type=\"section\" data-settings=\"{&quot;background_background&quot;:&quot;classic&quot;}\">\n\t\t\t\t\t\t<div class=\"elementor-container elementor-column-gap-default\">\n\t\t\t\t\t<div class=\"elementor-column elementor-col-100 elementor-inner-column elementor-element elementor-element-3511a28\" data-id=\"3511a28\" data-element_type=\"column\" data-settings=\"{&quot;background_background&quot;:&quot;classic&quot;}\">\n\t\t\t<div class=\"elementor-widget-wrap elementor-element-populated\">\n\t\t\t\t\t\t<div class=\"elementor-element elementor-element-5655a92 elementor-widget elementor-widget-text-editor\" data-id=\"5655a92\" data-element_type=\"widget\" data-widget_type=\"text-editor.default\">\n\t\t\t\t<div class=\"elementor-widget-container\">\n\t\t\t\t\t\t\t\t\t<h3><strong>\u00d6ffnungszeiten<\/strong><\/h3><p><strong>Termine vor Ort bitte nur nach Vereinbarung<\/strong><\/p><p>Montag bis Donnerstag von<br \/>8.00 \u2013 12.00, 13.00 \u2013 16.00 Uhr<\/p><p>Freitag von 8.00 \u2013 12.00 Uhr<\/p>\t\t\t\t\t\t\t\t<\/div>\n\t\t\t\t<\/div>\n\t\t\t\t\t<\/div>\n\t\t<\/div>\n\t\t\t\t\t<\/div>\n\t\t<\/section>\n\t\t\t\t\t<\/div>\n\t\t<\/div>\n\t\t\t\t\t<\/div>\n\t\t<\/section>\n\t\t\t\t<\/div>\n\t\t","protected":false},"excerpt":{"rendered":"<p>Kostenrechnung \/ Kalkulation Home Kostenrechnung \/ Kalkulation Ihr Buchhaltungsspezialist, Berater &amp; Partner Die Kostenrechnung zeigt den Unternehmer die tats\u00e4chlichen Kosten seines Betriebes auf. Auf Grund dieser Kosten werden dann die Preise f\u00fcr Ihre Produkte\/Dienstleistungen kalkuliert. Um sich im harten Konkurrenzkampf behaupten zu k\u00f6nnen, ist eine zukunfts- und ertragsorientierte Kalkulation Voraussetzung. Wir stehen Ihnen st\u00e4ndig zur [&hellip;]<\/p>\n","protected":false},"author":1,"featured_media":0,"parent":0,"menu_order":0,"comment_status":"closed","ping_status":"closed","template":"","meta":{"footnotes":""},"class_list":["post-520","page","type-page","status-publish","hentry"],"yoast_head":"<!-- This site is optimized with the Yoast SEO plugin v24.6 - https:\/\/yoast.com\/wordpress\/plugins\/seo\/ -->\n<title>Kostenrechnung \/ Kalkulation - KMU Buchhaltungen Wien<\/title>\n<meta name=\"description\" content=\"Ihr Buchhaltungsspezialist, Berater &amp; Partner in Wien. Unsere bestens ausgebildeten Mitarbeiter bieten Ihnen ein umfassendes Service.\" \/>\n<meta name=\"robots\" content=\"noindex, follow, max-snippet:-1, max-image-preview:large, max-video-preview:-1\" \/>\n<meta property=\"og:locale\" content=\"en_US\" \/>\n<meta property=\"og:type\" content=\"article\" \/>\n<meta property=\"og:title\" content=\"Kostenrechnung \/ Kalkulation - KMU Buchhaltungen Wien\" \/>\n<meta property=\"og:description\" content=\"Ihr Buchhaltungsspezialist, Berater &amp; Partner in Wien. Unsere bestens ausgebildeten Mitarbeiter bieten Ihnen ein umfassendes Service.\" \/>\n<meta property=\"og:url\" content=\"https:\/\/hotcaweb.com\/kmu-buchhaltungen\/kostenrechnung-kalkulation\/\" \/>\n<meta property=\"og:site_name\" content=\"KMU Buchhaltungen Wien\" \/>\n<meta property=\"article:modified_time\" content=\"2023-06-06T06:05:47+00:00\" \/>\n<meta name=\"twitter:card\" content=\"summary_large_image\" \/>\n<meta name=\"twitter:label1\" content=\"Est. reading time\" \/>\n\t<meta name=\"twitter:data1\" content=\"1 minute\" \/>\n<script type=\"application\/ld+json\" class=\"yoast-schema-graph\">{\"@context\":\"https:\/\/schema.org\",\"@graph\":[{\"@type\":\"WebPage\",\"@id\":\"https:\/\/hotcaweb.com\/kmu-buchhaltungen\/kostenrechnung-kalkulation\/\",\"url\":\"https:\/\/hotcaweb.com\/kmu-buchhaltungen\/kostenrechnung-kalkulation\/\",\"name\":\"Kostenrechnung \/ Kalkulation - KMU Buchhaltungen Wien\",\"isPartOf\":{\"@id\":\"https:\/\/hotcaweb.com\/kmu-buchhaltungen\/#website\"},\"datePublished\":\"2023-05-10T13:32:24+00:00\",\"dateModified\":\"2023-06-06T06:05:47+00:00\",\"description\":\"Ihr Buchhaltungsspezialist, Berater & Partner in Wien. Unsere bestens ausgebildeten Mitarbeiter bieten Ihnen ein umfassendes Service.\",\"breadcrumb\":{\"@id\":\"https:\/\/hotcaweb.com\/kmu-buchhaltungen\/kostenrechnung-kalkulation\/#breadcrumb\"},\"inLanguage\":\"en-US\",\"potentialAction\":[{\"@type\":\"ReadAction\",\"target\":[\"https:\/\/hotcaweb.com\/kmu-buchhaltungen\/kostenrechnung-kalkulation\/\"]}]},{\"@type\":\"BreadcrumbList\",\"@id\":\"https:\/\/hotcaweb.com\/kmu-buchhaltungen\/kostenrechnung-kalkulation\/#breadcrumb\",\"itemListElement\":[{\"@type\":\"ListItem\",\"position\":1,\"name\":\"Home\",\"item\":\"https:\/\/hotcaweb.com\/kmu-buchhaltungen\/\"},{\"@type\":\"ListItem\",\"position\":2,\"name\":\"Kostenrechnung \/ Kalkulation\"}]},{\"@type\":\"WebSite\",\"@id\":\"https:\/\/hotcaweb.com\/kmu-buchhaltungen\/#website\",\"url\":\"https:\/\/hotcaweb.com\/kmu-buchhaltungen\/\",\"name\":\"KMU Buchhaltungen Wien\",\"description\":\"\",\"publisher\":{\"@id\":\"https:\/\/hotcaweb.com\/kmu-buchhaltungen\/#organization\"},\"potentialAction\":[{\"@type\":\"SearchAction\",\"target\":{\"@type\":\"EntryPoint\",\"urlTemplate\":\"https:\/\/hotcaweb.com\/kmu-buchhaltungen\/?s={search_term_string}\"},\"query-input\":{\"@type\":\"PropertyValueSpecification\",\"valueRequired\":true,\"valueName\":\"search_term_string\"}}],\"inLanguage\":\"en-US\"},{\"@type\":\"Organization\",\"@id\":\"https:\/\/hotcaweb.com\/kmu-buchhaltungen\/#organization\",\"name\":\"KMU Buchhaltungen Wien\",\"url\":\"https:\/\/hotcaweb.com\/kmu-buchhaltungen\/\",\"logo\":{\"@type\":\"ImageObject\",\"inLanguage\":\"en-US\",\"@id\":\"https:\/\/hotcaweb.com\/kmu-buchhaltungen\/#\/schema\/logo\/image\/\",\"url\":\"https:\/\/hotcaweb.com\/kmu-buchhaltungen\/wp-content\/uploads\/2023\/05\/Visitenkarten-KMU-2019_logo.png\",\"contentUrl\":\"https:\/\/hotcaweb.com\/kmu-buchhaltungen\/wp-content\/uploads\/2023\/05\/Visitenkarten-KMU-2019_logo.png\",\"width\":467,\"height\":266,\"caption\":\"KMU Buchhaltungen Wien\"},\"image\":{\"@id\":\"https:\/\/hotcaweb.com\/kmu-buchhaltungen\/#\/schema\/logo\/image\/\"}}]}<\/script>\n<!-- \/ Yoast SEO plugin. -->","yoast_head_json":{"title":"Kostenrechnung \/ Kalkulation - KMU Buchhaltungen Wien","description":"Ihr Buchhaltungsspezialist, Berater & Partner in Wien. Unsere bestens ausgebildeten Mitarbeiter bieten Ihnen ein umfassendes Service.","robots":{"index":"noindex","follow":"follow","max-snippet":"max-snippet:-1","max-image-preview":"max-image-preview:large","max-video-preview":"max-video-preview:-1"},"og_locale":"en_US","og_type":"article","og_title":"Kostenrechnung \/ Kalkulation - KMU Buchhaltungen Wien","og_description":"Ihr Buchhaltungsspezialist, Berater & Partner in Wien. Unsere bestens ausgebildeten Mitarbeiter bieten Ihnen ein umfassendes Service.","og_url":"https:\/\/hotcaweb.com\/kmu-buchhaltungen\/kostenrechnung-kalkulation\/","og_site_name":"KMU Buchhaltungen Wien","article_modified_time":"2023-06-06T06:05:47+00:00","twitter_card":"summary_large_image","twitter_misc":{"Est. reading time":"1 minute"},"schema":{"@context":"https:\/\/schema.org","@graph":[{"@type":"WebPage","@id":"https:\/\/hotcaweb.com\/kmu-buchhaltungen\/kostenrechnung-kalkulation\/","url":"https:\/\/hotcaweb.com\/kmu-buchhaltungen\/kostenrechnung-kalkulation\/","name":"Kostenrechnung \/ Kalkulation - KMU Buchhaltungen Wien","isPartOf":{"@id":"https:\/\/hotcaweb.com\/kmu-buchhaltungen\/#website"},"datePublished":"2023-05-10T13:32:24+00:00","dateModified":"2023-06-06T06:05:47+00:00","description":"Ihr Buchhaltungsspezialist, Berater & Partner in Wien. Unsere bestens ausgebildeten Mitarbeiter bieten Ihnen ein umfassendes Service.","breadcrumb":{"@id":"https:\/\/hotcaweb.com\/kmu-buchhaltungen\/kostenrechnung-kalkulation\/#breadcrumb"},"inLanguage":"en-US","potentialAction":[{"@type":"ReadAction","target":["https:\/\/hotcaweb.com\/kmu-buchhaltungen\/kostenrechnung-kalkulation\/"]}]},{"@type":"BreadcrumbList","@id":"https:\/\/hotcaweb.com\/kmu-buchhaltungen\/kostenrechnung-kalkulation\/#breadcrumb","itemListElement":[{"@type":"ListItem","position":1,"name":"Home","item":"https:\/\/hotcaweb.com\/kmu-buchhaltungen\/"},{"@type":"ListItem","position":2,"name":"Kostenrechnung \/ Kalkulation"}]},{"@type":"WebSite","@id":"https:\/\/hotcaweb.com\/kmu-buchhaltungen\/#website","url":"https:\/\/hotcaweb.com\/kmu-buchhaltungen\/","name":"KMU Buchhaltungen Wien","description":"","publisher":{"@id":"https:\/\/hotcaweb.com\/kmu-buchhaltungen\/#organization"},"potentialAction":[{"@type":"SearchAction","target":{"@type":"EntryPoint","urlTemplate":"https:\/\/hotcaweb.com\/kmu-buchhaltungen\/?s={search_term_string}"},"query-input":{"@type":"PropertyValueSpecification","valueRequired":true,"valueName":"search_term_string"}}],"inLanguage":"en-US"},{"@type":"Organization","@id":"https:\/\/hotcaweb.com\/kmu-buchhaltungen\/#organization","name":"KMU Buchhaltungen Wien","url":"https:\/\/hotcaweb.com\/kmu-buchhaltungen\/","logo":{"@type":"ImageObject","inLanguage":"en-US","@id":"https:\/\/hotcaweb.com\/kmu-buchhaltungen\/#\/schema\/logo\/image\/","url":"https:\/\/hotcaweb.com\/kmu-buchhaltungen\/wp-content\/uploads\/2023\/05\/Visitenkarten-KMU-2019_logo.png","contentUrl":"https:\/\/hotcaweb.com\/kmu-buchhaltungen\/wp-content\/uploads\/2023\/05\/Visitenkarten-KMU-2019_logo.png","width":467,"height":266,"caption":"KMU Buchhaltungen Wien"},"image":{"@id":"https:\/\/hotcaweb.com\/kmu-buchhaltungen\/#\/schema\/logo\/image\/"}}]}},"_links":{"self":[{"href":"https:\/\/hotcaweb.com\/kmu-buchhaltungen\/wp-json\/wp\/v2\/pages\/520","targetHints":{"allow":["GET"]}}],"collection":[{"href":"https:\/\/hotcaweb.com\/kmu-buchhaltungen\/wp-json\/wp\/v2\/pages"}],"about":[{"href":"https:\/\/hotcaweb.com\/kmu-buchhaltungen\/wp-json\/wp\/v2\/types\/page"}],"author":[{"embeddable":true,"href":"https:\/\/hotcaweb.com\/kmu-buchhaltungen\/wp-json\/wp\/v2\/users\/1"}],"replies":[{"embeddable":true,"href":"https:\/\/hotcaweb.com\/kmu-buchhaltungen\/wp-json\/wp\/v2\/comments?post=520"}],"version-history":[{"count":19,"href":"https:\/\/hotcaweb.com\/kmu-buchhaltungen\/wp-json\/wp\/v2\/pages\/520\/revisions"}],"predecessor-version":[{"id":780,"href":"https:\/\/hotcaweb.com\/kmu-buchhaltungen\/wp-json\/wp\/v2\/pages\/520\/revisions\/780"}],"wp:attachment":[{"href":"https:\/\/hotcaweb.com\/kmu-buchhaltungen\/wp-json\/wp\/v2\/media?parent=520"}],"curies":[{"name":"wp","href":"https:\/\/api.w.org\/{rel}","templated":true}]}}