{"id":457,"date":"2023-05-10T08:50:53","date_gmt":"2023-05-10T08:50:53","guid":{"rendered":"https:\/\/hotcaweb.com\/kmu-buchhaltungen\/?page_id=457"},"modified":"2023-05-11T08:25:50","modified_gmt":"2023-05-11T08:25:50","slug":"kontakt","status":"publish","type":"page","link":"https:\/\/hotcaweb.com\/kmu-buchhaltungen\/kontakt\/","title":{"rendered":"Kontakt"},"content":{"rendered":"\t\t<div data-elementor-type=\"wp-page\" data-elementor-id=\"457\" class=\"elementor elementor-457\">\n\t\t\t\t\t\t<section class=\"elementor-section elementor-top-section elementor-element elementor-element-8164ed6 elementor-section-height-min-height elementor-section-boxed elementor-section-height-default elementor-section-items-middle\" data-id=\"8164ed6\" data-element_type=\"section\" data-settings=\"{&quot;background_background&quot;:&quot;classic&quot;}\">\n\t\t\t\t\t\t<div class=\"elementor-container elementor-column-gap-default\">\n\t\t\t\t\t<div class=\"elementor-column elementor-col-50 elementor-top-column elementor-element elementor-element-62d2107\" data-id=\"62d2107\" data-element_type=\"column\">\n\t\t\t<div class=\"elementor-widget-wrap elementor-element-populated\">\n\t\t\t\t\t\t<div class=\"elementor-element elementor-element-a8b0bab elementor-widget elementor-widget-text-editor\" data-id=\"a8b0bab\" data-element_type=\"widget\" data-widget_type=\"text-editor.default\">\n\t\t\t\t<div class=\"elementor-widget-container\">\n\t\t\t\t\t\t\t\t\t<h1><strong>Kontakt<\/strong><\/h1>\t\t\t\t\t\t\t\t<\/div>\n\t\t\t\t<\/div>\n\t\t\t\t\t<\/div>\n\t\t<\/div>\n\t\t\t\t<div class=\"elementor-column elementor-col-50 elementor-top-column elementor-element elementor-element-fc85b3c\" data-id=\"fc85b3c\" data-element_type=\"column\">\n\t\t\t<div class=\"elementor-widget-wrap elementor-element-populated\">\n\t\t\t\t\t\t<div class=\"elementor-element elementor-element-01c59ee elementor-icon-list--layout-inline elementor-align-right breadcrumb-ch elementor-mobile-align-left elementor-list-item-link-full_width elementor-widget elementor-widget-icon-list\" data-id=\"01c59ee\" data-element_type=\"widget\" data-widget_type=\"icon-list.default\">\n\t\t\t\t<div class=\"elementor-widget-container\">\n\t\t\t\t\t\t\t<ul class=\"elementor-icon-list-items elementor-inline-items\">\n\t\t\t\t\t\t\t<li class=\"elementor-icon-list-item elementor-inline-item\">\n\t\t\t\t\t\t\t\t\t\t\t<a href=\"https:\/\/hotcaweb.com\/kmu-buchhaltungen\/\">\n\n\t\t\t\t\t\t\t\t\t\t\t\t<span class=\"elementor-icon-list-icon\">\n\t\t\t\t\t\t\t<i aria-hidden=\"true\" class=\"fas fa-home\"><\/i>\t\t\t\t\t\t<\/span>\n\t\t\t\t\t\t\t\t\t\t<span class=\"elementor-icon-list-text\">Home<\/span>\n\t\t\t\t\t\t\t\t\t\t\t<\/a>\n\t\t\t\t\t\t\t\t\t<\/li>\n\t\t\t\t\t\t\t\t<li class=\"elementor-icon-list-item elementor-inline-item\">\n\t\t\t\t\t\t\t\t\t\t\t<span class=\"elementor-icon-list-icon\">\n\t\t\t\t\t\t\t<i aria-hidden=\"true\" class=\"fas fa-angle-right\"><\/i>\t\t\t\t\t\t<\/span>\n\t\t\t\t\t\t\t\t\t\t<span class=\"elementor-icon-list-text\">Kontakt<\/span>\n\t\t\t\t\t\t\t\t\t<\/li>\n\t\t\t\t\t\t<\/ul>\n\t\t\t\t\t\t<\/div>\n\t\t\t\t<\/div>\n\t\t\t\t\t<\/div>\n\t\t<\/div>\n\t\t\t\t\t<\/div>\n\t\t<\/section>\n\t\t\t\t<section class=\"elementor-section elementor-top-section elementor-element elementor-element-2c1bda3 elementor-section-boxed elementor-section-height-default elementor-section-height-default\" data-id=\"2c1bda3\" data-element_type=\"section\" data-settings=\"{&quot;background_background&quot;:&quot;classic&quot;}\">\n\t\t\t\t\t\t<div class=\"elementor-container elementor-column-gap-default\">\n\t\t\t\t\t<div class=\"elementor-column elementor-col-50 elementor-top-column elementor-element elementor-element-b34d59e\" data-id=\"b34d59e\" data-element_type=\"column\">\n\t\t\t<div class=\"elementor-widget-wrap elementor-element-populated\">\n\t\t\t\t\t\t<section class=\"elementor-section elementor-inner-section elementor-element elementor-element-a55803e fix-section elementor-section-boxed elementor-section-height-default elementor-section-height-default\" data-id=\"a55803e\" data-element_type=\"section\">\n\t\t\t\t\t\t<div class=\"elementor-container elementor-column-gap-default\">\n\t\t\t\t\t<div class=\"elementor-column elementor-col-100 elementor-inner-column elementor-element elementor-element-f8eaf32\" data-id=\"f8eaf32\" data-element_type=\"column\">\n\t\t\t<div class=\"elementor-widget-wrap elementor-element-populated\">\n\t\t\t\t\t\t<div class=\"elementor-element elementor-element-9ccafe0 elementor-widget elementor-widget-text-editor\" data-id=\"9ccafe0\" data-element_type=\"widget\" data-widget_type=\"text-editor.default\">\n\t\t\t\t<div class=\"elementor-widget-container\">\n\t\t\t\t\t\t\t\t\t<h2><strong>Kontaktdaten<\/strong><\/h2>\t\t\t\t\t\t\t\t<\/div>\n\t\t\t\t<\/div>\n\t\t\t\t<div class=\"elementor-element elementor-element-980106e elementor-icon-list--layout-traditional elementor-list-item-link-full_width elementor-widget elementor-widget-icon-list\" data-id=\"980106e\" data-element_type=\"widget\" data-widget_type=\"icon-list.default\">\n\t\t\t\t<div class=\"elementor-widget-container\">\n\t\t\t\t\t\t\t<ul class=\"elementor-icon-list-items\">\n\t\t\t\t\t\t\t<li class=\"elementor-icon-list-item\">\n\t\t\t\t\t\t\t\t\t\t\t<a href=\"https:\/\/goo.gl\/maps\/7MAGci3dN6AhHgJM7?coh=178572&#038;entry=tt\" target=\"_blank\">\n\n\t\t\t\t\t\t\t\t\t\t\t\t<span class=\"elementor-icon-list-icon\">\n\t\t\t\t\t\t\t<i aria-hidden=\"true\" class=\"fas fa-map-marker-alt\"><\/i>\t\t\t\t\t\t<\/span>\n\t\t\t\t\t\t\t\t\t\t<span class=\"elementor-icon-list-text\">Absberggasse 29.1 (Parterre), A - 1100 Wien<\/span>\n\t\t\t\t\t\t\t\t\t\t\t<\/a>\n\t\t\t\t\t\t\t\t\t<\/li>\n\t\t\t\t\t\t\t\t<li class=\"elementor-icon-list-item\">\n\t\t\t\t\t\t\t\t\t\t\t<a href=\"mailto:kanzlei@kmu-buchhaltungen.at\">\n\n\t\t\t\t\t\t\t\t\t\t\t\t<span class=\"elementor-icon-list-icon\">\n\t\t\t\t\t\t\t<i aria-hidden=\"true\" class=\"fas fa-envelope-open-text\"><\/i>\t\t\t\t\t\t<\/span>\n\t\t\t\t\t\t\t\t\t\t<span class=\"elementor-icon-list-text\">kanzlei@kmu-buchhaltungen.at<\/span>\n\t\t\t\t\t\t\t\t\t\t\t<\/a>\n\t\t\t\t\t\t\t\t\t<\/li>\n\t\t\t\t\t\t\t\t<li class=\"elementor-icon-list-item\">\n\t\t\t\t\t\t\t\t\t\t\t<a href=\"tel:004316001220\">\n\n\t\t\t\t\t\t\t\t\t\t\t\t<span class=\"elementor-icon-list-icon\">\n\t\t\t\t\t\t\t<i aria-hidden=\"true\" class=\"fas fa-phone-square-alt\"><\/i>\t\t\t\t\t\t<\/span>\n\t\t\t\t\t\t\t\t\t\t<span class=\"elementor-icon-list-text\">+43 1 600 1220<\/span>\n\t\t\t\t\t\t\t\t\t\t\t<\/a>\n\t\t\t\t\t\t\t\t\t<\/li>\n\t\t\t\t\t\t<\/ul>\n\t\t\t\t\t\t<\/div>\n\t\t\t\t<\/div>\n\t\t\t\t\t<\/div>\n\t\t<\/div>\n\t\t\t\t\t<\/div>\n\t\t<\/section>\n\t\t\t\t\t<\/div>\n\t\t<\/div>\n\t\t\t\t<div class=\"elementor-column elementor-col-50 elementor-top-column elementor-element elementor-element-51ea25c\" data-id=\"51ea25c\" data-element_type=\"column\">\n\t\t\t<div class=\"elementor-widget-wrap elementor-element-populated\">\n\t\t\t\t\t\t<section class=\"elementor-section elementor-inner-section elementor-element elementor-element-b12df86 elementor-section-boxed elementor-section-height-default elementor-section-height-default\" data-id=\"b12df86\" data-element_type=\"section\">\n\t\t\t\t\t\t<div class=\"elementor-container elementor-column-gap-default\">\n\t\t\t\t\t<div class=\"elementor-column elementor-col-100 elementor-inner-column elementor-element elementor-element-774164c\" data-id=\"774164c\" data-element_type=\"column\" data-settings=\"{&quot;background_background&quot;:&quot;classic&quot;}\">\n\t\t\t<div class=\"elementor-widget-wrap elementor-element-populated\">\n\t\t\t\t\t\t<div class=\"elementor-element elementor-element-6c70ddc elementor-widget elementor-widget-text-editor\" data-id=\"6c70ddc\" data-element_type=\"widget\" data-widget_type=\"text-editor.default\">\n\t\t\t\t<div class=\"elementor-widget-container\">\n\t\t\t\t\t\t\t\t\t<h2><strong>Kontaktformular<\/strong><\/h2>\t\t\t\t\t\t\t\t<\/div>\n\t\t\t\t<\/div>\n\t\t\t\t<div class=\"elementor-element elementor-element-3263411 elementor-widget elementor-widget-wpforms\" data-id=\"3263411\" data-element_type=\"widget\" data-widget_type=\"wpforms.default\">\n\t\t\t\t<div class=\"elementor-widget-container\">\n\t\t\t\t\t<style id=\"wpforms-css-vars-elementor-widget-3263411\">\n\t\t\t\t.elementor-widget-wpforms.elementor-element-3263411 {\n\t\t\t\t--wpforms-field-size-input-height: 43px;\n--wpforms-field-size-input-spacing: 15px;\n--wpforms-field-size-font-size: 16px;\n--wpforms-field-size-line-height: 19px;\n--wpforms-field-size-padding-h: 14px;\n--wpforms-field-size-checkbox-size: 16px;\n--wpforms-field-size-sublabel-spacing: 5px;\n--wpforms-field-size-icon-size: 1;\n--wpforms-label-size-font-size: 16px;\n--wpforms-label-size-line-height: 19px;\n--wpforms-label-size-sublabel-font-size: 14px;\n--wpforms-label-size-sublabel-line-height: 17px;\n--wpforms-button-size-font-size: 17px;\n--wpforms-button-size-height: 41px;\n--wpforms-button-size-padding-h: 15px;\n--wpforms-button-size-margin-top: 10px;\n\n\t\t\t}\n\t\t\t<\/style><div class=\"wpforms-container wpforms-container-full wpforms-render-modern\" id=\"wpforms-473\"><form id=\"wpforms-form-473\" class=\"wpforms-validate wpforms-form wpforms-ajax-form\" data-formid=\"473\" method=\"post\" enctype=\"multipart\/form-data\" action=\"\/kmu-buchhaltungen\/wp-json\/wp\/v2\/pages\/457\" data-token=\"7f3352f6504e8405b8f4e8963ca369ad\" data-token-time=\"1778026265\"><noscript class=\"wpforms-error-noscript\">Please enable JavaScript in your browser to complete this form.<\/noscript><div class=\"wpforms-hidden\" id=\"wpforms-error-noscript\">Please enable JavaScript in your browser to complete this form.<\/div><div class=\"wpforms-field-container\"><div id=\"wpforms-473-field_0-container\" class=\"wpforms-field wpforms-field-name\" data-field-id=\"0\"><fieldset><legend class=\"wpforms-field-label\">Name <span class=\"wpforms-required-label\" aria-hidden=\"true\">*<\/span><\/legend><div class=\"wpforms-field-row wpforms-field-large\"><div class=\"wpforms-field-row-block wpforms-first wpforms-one-half\"><input type=\"text\" id=\"wpforms-473-field_0\" class=\"wpforms-field-name-first wpforms-field-required\" name=\"wpforms[fields][0][first]\" placeholder=\"Vorname*\" aria-errormessage=\"wpforms-473-field_0-error\" required><label for=\"wpforms-473-field_0\" class=\"wpforms-field-sublabel after wpforms-sublabel-hide\">First<\/label><\/div><div class=\"wpforms-field-row-block wpforms-one-half\"><input type=\"text\" id=\"wpforms-473-field_0-last\" class=\"wpforms-field-name-last wpforms-field-required\" name=\"wpforms[fields][0][last]\" placeholder=\"Nachname*\" aria-errormessage=\"wpforms-473-field_0-last-error\" required><label for=\"wpforms-473-field_0-last\" class=\"wpforms-field-sublabel after wpforms-sublabel-hide\">Last<\/label><\/div><\/div><\/fieldset><\/div><div id=\"wpforms-473-field_1-container\" class=\"wpforms-field wpforms-field-email\" data-field-id=\"1\"><label class=\"wpforms-field-label\" for=\"wpforms-473-field_1\">Email <span class=\"wpforms-required-label\" aria-hidden=\"true\">*<\/span><\/label><input type=\"email\" id=\"wpforms-473-field_1\" class=\"wpforms-field-large wpforms-field-required\" name=\"wpforms[fields][1]\" placeholder=\"Email Adresse*\" spellcheck=\"false\" aria-errormessage=\"wpforms-473-field_1-error\" required><\/div><div id=\"wpforms-473-field_3-container\" class=\"wpforms-field wpforms-field-text\" data-field-id=\"3\"><label class=\"wpforms-field-label\" for=\"wpforms-473-field_3\">Telefon <span class=\"wpforms-required-label\" aria-hidden=\"true\">*<\/span><\/label><input type=\"text\" id=\"wpforms-473-field_3\" class=\"wpforms-field-large wpforms-field-required\" name=\"wpforms[fields][3]\" placeholder=\"Telefonnummer\" aria-errormessage=\"wpforms-473-field_3-error\" required><\/div><div id=\"wpforms-473-field_2-container\" class=\"wpforms-field wpforms-field-textarea\" data-field-id=\"2\"><label class=\"wpforms-field-label\" for=\"wpforms-473-field_2\">Nachricht<\/label><textarea id=\"wpforms-473-field_2\" class=\"wpforms-field-large\" name=\"wpforms[fields][2]\" placeholder=\"Hier schreiben...\" aria-errormessage=\"wpforms-473-field_2-error\" ><\/textarea><\/div><div id=\"wpforms-473-field_4-container\" class=\"wpforms-field wpforms-field-checkbox\" data-field-id=\"4\"><fieldset><legend class=\"wpforms-field-label\">Es werden personenbezogene Daten \u00fcbermittelt und f\u00fcr die in der Datenschutzerkl\u00e4rung beschriebenen Zwecke verwendet. <span class=\"wpforms-required-label\" aria-hidden=\"true\">*<\/span><\/legend><ul id=\"wpforms-473-field_4\" class=\"wpforms-field-required\"><li class=\"choice-1 depth-1\"><input type=\"checkbox\" id=\"wpforms-473-field_4_1\" name=\"wpforms[fields][4][]\" value=\"Ja, ich stimme zu.\" aria-errormessage=\"wpforms-473-field_4_1-error\" required ><label class=\"wpforms-field-label-inline\" for=\"wpforms-473-field_4_1\">Ja, ich stimme zu.<\/label><\/li><\/ul><\/fieldset><\/div><\/div><!-- .wpforms-field-container --><div class=\"wpforms-recaptcha-container wpforms-is-recaptcha wpforms-is-recaptcha-type-v3\" ><input type=\"hidden\" name=\"wpforms[recaptcha]\" value=\"\"><\/div><div class=\"wpforms-submit-container\" ><input type=\"hidden\" name=\"wpforms[id]\" value=\"473\"><input type=\"hidden\" name=\"page_title\" value=\"\"><input type=\"hidden\" name=\"page_url\" value=\"https:\/\/hotcaweb.com\/kmu-buchhaltungen\/wp-json\/wp\/v2\/pages\/457\"><input type=\"hidden\" name=\"url_referer\" value=\"\"><button type=\"submit\" name=\"wpforms[submit]\" id=\"wpforms-submit-473\" class=\"wpforms-submit\" data-alt-text=\"Sende...\" data-submit-text=\"Senden\" aria-live=\"assertive\" value=\"wpforms-submit\">Senden<\/button><img decoding=\"async\" src=\"https:\/\/hotcaweb.com\/kmu-buchhaltungen\/wp-content\/plugins\/wpforms-lite\/assets\/images\/submit-spin.svg\" class=\"wpforms-submit-spinner\" style=\"display: none;\" width=\"26\" height=\"26\" alt=\"Loading\"><\/div><\/form><\/div>  <!-- .wpforms-container -->\t\t\t\t<\/div>\n\t\t\t\t<\/div>\n\t\t\t\t\t<\/div>\n\t\t<\/div>\n\t\t\t\t\t<\/div>\n\t\t<\/section>\n\t\t\t\t\t<\/div>\n\t\t<\/div>\n\t\t\t\t\t<\/div>\n\t\t<\/section>\n\t\t\t\t<section class=\"elementor-section elementor-top-section elementor-element elementor-element-03860be elementor-section-full_width elementor-section-stretched elementor-section-height-default elementor-section-height-default\" data-id=\"03860be\" data-element_type=\"section\" data-settings=\"{&quot;stretch_section&quot;:&quot;section-stretched&quot;}\">\n\t\t\t\t\t\t<div class=\"elementor-container elementor-column-gap-default\">\n\t\t\t\t\t<div class=\"elementor-column elementor-col-100 elementor-top-column elementor-element elementor-element-9a3c5f0\" data-id=\"9a3c5f0\" data-element_type=\"column\">\n\t\t\t<div class=\"elementor-widget-wrap elementor-element-populated\">\n\t\t\t\t\t\t<div class=\"elementor-element elementor-element-0416443 elementor-widget elementor-widget-google_maps\" data-id=\"0416443\" data-element_type=\"widget\" data-widget_type=\"google_maps.default\">\n\t\t\t\t<div class=\"elementor-widget-container\">\n\t\t\t\t\t\t\t<div class=\"elementor-custom-embed\">\n\t\t\t<iframe loading=\"lazy\"\n\t\t\t\t\tsrc=\"https:\/\/maps.google.com\/maps?q=KMU%20Buchhaltungen&#038;t=m&#038;z=15&#038;output=embed&#038;iwloc=near\"\n\t\t\t\t\ttitle=\"KMU Buchhaltungen\"\n\t\t\t\t\taria-label=\"KMU Buchhaltungen\"\n\t\t\t><\/iframe>\n\t\t<\/div>\n\t\t\t\t\t\t<\/div>\n\t\t\t\t<\/div>\n\t\t\t\t\t<\/div>\n\t\t<\/div>\n\t\t\t\t\t<\/div>\n\t\t<\/section>\n\t\t\t\t<\/div>\n\t\t","protected":false},"excerpt":{"rendered":"<p>Kontakt Home Kontakt Kontaktdaten Absberggasse 29.1 (Parterre), A &#8211; 1100 Wien kanzlei@kmu-buchhaltungen.at +43 1 600 1220 Kontaktformular<\/p>\n","protected":false},"author":1,"featured_media":0,"parent":0,"menu_order":0,"comment_status":"closed","ping_status":"closed","template":"","meta":{"footnotes":""},"class_list":["post-457","page","type-page","status-publish","hentry"],"yoast_head":"<!-- This site is optimized with the Yoast SEO plugin v24.6 - https:\/\/yoast.com\/wordpress\/plugins\/seo\/ -->\n<title>Kontakt - KMU Buchhaltungen Wien<\/title>\n<meta name=\"description\" content=\"Finden Sie uns unter Absberggasse 29.1 (Parterre), A - 1100 Wien. Email: kanzlei@kmu-buchhaltungen.at. Telefon: +43 1 600 1220\" \/>\n<meta name=\"robots\" content=\"noindex, follow, max-snippet:-1, max-image-preview:large, max-video-preview:-1\" \/>\n<meta property=\"og:locale\" content=\"en_US\" \/>\n<meta property=\"og:type\" content=\"article\" \/>\n<meta property=\"og:title\" content=\"Kontakt - KMU Buchhaltungen Wien\" \/>\n<meta property=\"og:description\" content=\"Finden Sie uns unter Absberggasse 29.1 (Parterre), A - 1100 Wien. Email: kanzlei@kmu-buchhaltungen.at. Telefon: +43 1 600 1220\" \/>\n<meta property=\"og:url\" content=\"https:\/\/hotcaweb.com\/kmu-buchhaltungen\/kontakt\/\" \/>\n<meta property=\"og:site_name\" content=\"KMU Buchhaltungen Wien\" \/>\n<meta property=\"article:modified_time\" content=\"2023-05-11T08:25:50+00:00\" \/>\n<meta name=\"twitter:card\" content=\"summary_large_image\" \/>\n<meta name=\"twitter:label1\" content=\"Est. reading time\" \/>\n\t<meta name=\"twitter:data1\" content=\"1 minute\" \/>\n<script type=\"application\/ld+json\" class=\"yoast-schema-graph\">{\"@context\":\"https:\/\/schema.org\",\"@graph\":[{\"@type\":\"WebPage\",\"@id\":\"https:\/\/hotcaweb.com\/kmu-buchhaltungen\/kontakt\/\",\"url\":\"https:\/\/hotcaweb.com\/kmu-buchhaltungen\/kontakt\/\",\"name\":\"Kontakt - KMU Buchhaltungen Wien\",\"isPartOf\":{\"@id\":\"https:\/\/hotcaweb.com\/kmu-buchhaltungen\/#website\"},\"datePublished\":\"2023-05-10T08:50:53+00:00\",\"dateModified\":\"2023-05-11T08:25:50+00:00\",\"description\":\"Finden Sie uns unter Absberggasse 29.1 (Parterre), A - 1100 Wien. Email: kanzlei@kmu-buchhaltungen.at. Telefon: +43 1 600 1220\",\"breadcrumb\":{\"@id\":\"https:\/\/hotcaweb.com\/kmu-buchhaltungen\/kontakt\/#breadcrumb\"},\"inLanguage\":\"en-US\",\"potentialAction\":[{\"@type\":\"ReadAction\",\"target\":[\"https:\/\/hotcaweb.com\/kmu-buchhaltungen\/kontakt\/\"]}]},{\"@type\":\"BreadcrumbList\",\"@id\":\"https:\/\/hotcaweb.com\/kmu-buchhaltungen\/kontakt\/#breadcrumb\",\"itemListElement\":[{\"@type\":\"ListItem\",\"position\":1,\"name\":\"Home\",\"item\":\"https:\/\/hotcaweb.com\/kmu-buchhaltungen\/\"},{\"@type\":\"ListItem\",\"position\":2,\"name\":\"Kontakt\"}]},{\"@type\":\"WebSite\",\"@id\":\"https:\/\/hotcaweb.com\/kmu-buchhaltungen\/#website\",\"url\":\"https:\/\/hotcaweb.com\/kmu-buchhaltungen\/\",\"name\":\"KMU Buchhaltungen Wien\",\"description\":\"\",\"publisher\":{\"@id\":\"https:\/\/hotcaweb.com\/kmu-buchhaltungen\/#organization\"},\"potentialAction\":[{\"@type\":\"SearchAction\",\"target\":{\"@type\":\"EntryPoint\",\"urlTemplate\":\"https:\/\/hotcaweb.com\/kmu-buchhaltungen\/?s={search_term_string}\"},\"query-input\":{\"@type\":\"PropertyValueSpecification\",\"valueRequired\":true,\"valueName\":\"search_term_string\"}}],\"inLanguage\":\"en-US\"},{\"@type\":\"Organization\",\"@id\":\"https:\/\/hotcaweb.com\/kmu-buchhaltungen\/#organization\",\"name\":\"KMU Buchhaltungen Wien\",\"url\":\"https:\/\/hotcaweb.com\/kmu-buchhaltungen\/\",\"logo\":{\"@type\":\"ImageObject\",\"inLanguage\":\"en-US\",\"@id\":\"https:\/\/hotcaweb.com\/kmu-buchhaltungen\/#\/schema\/logo\/image\/\",\"url\":\"https:\/\/hotcaweb.com\/kmu-buchhaltungen\/wp-content\/uploads\/2023\/05\/Visitenkarten-KMU-2019_logo.png\",\"contentUrl\":\"https:\/\/hotcaweb.com\/kmu-buchhaltungen\/wp-content\/uploads\/2023\/05\/Visitenkarten-KMU-2019_logo.png\",\"width\":467,\"height\":266,\"caption\":\"KMU Buchhaltungen Wien\"},\"image\":{\"@id\":\"https:\/\/hotcaweb.com\/kmu-buchhaltungen\/#\/schema\/logo\/image\/\"}}]}<\/script>\n<!-- \/ Yoast SEO plugin. -->","yoast_head_json":{"title":"Kontakt - KMU Buchhaltungen Wien","description":"Finden Sie uns unter Absberggasse 29.1 (Parterre), A - 1100 Wien. Email: kanzlei@kmu-buchhaltungen.at. Telefon: +43 1 600 1220","robots":{"index":"noindex","follow":"follow","max-snippet":"max-snippet:-1","max-image-preview":"max-image-preview:large","max-video-preview":"max-video-preview:-1"},"og_locale":"en_US","og_type":"article","og_title":"Kontakt - KMU Buchhaltungen Wien","og_description":"Finden Sie uns unter Absberggasse 29.1 (Parterre), A - 1100 Wien. Email: kanzlei@kmu-buchhaltungen.at. Telefon: +43 1 600 1220","og_url":"https:\/\/hotcaweb.com\/kmu-buchhaltungen\/kontakt\/","og_site_name":"KMU Buchhaltungen Wien","article_modified_time":"2023-05-11T08:25:50+00:00","twitter_card":"summary_large_image","twitter_misc":{"Est. reading time":"1 minute"},"schema":{"@context":"https:\/\/schema.org","@graph":[{"@type":"WebPage","@id":"https:\/\/hotcaweb.com\/kmu-buchhaltungen\/kontakt\/","url":"https:\/\/hotcaweb.com\/kmu-buchhaltungen\/kontakt\/","name":"Kontakt - KMU Buchhaltungen Wien","isPartOf":{"@id":"https:\/\/hotcaweb.com\/kmu-buchhaltungen\/#website"},"datePublished":"2023-05-10T08:50:53+00:00","dateModified":"2023-05-11T08:25:50+00:00","description":"Finden Sie uns unter Absberggasse 29.1 (Parterre), A - 1100 Wien. Email: kanzlei@kmu-buchhaltungen.at. Telefon: +43 1 600 1220","breadcrumb":{"@id":"https:\/\/hotcaweb.com\/kmu-buchhaltungen\/kontakt\/#breadcrumb"},"inLanguage":"en-US","potentialAction":[{"@type":"ReadAction","target":["https:\/\/hotcaweb.com\/kmu-buchhaltungen\/kontakt\/"]}]},{"@type":"BreadcrumbList","@id":"https:\/\/hotcaweb.com\/kmu-buchhaltungen\/kontakt\/#breadcrumb","itemListElement":[{"@type":"ListItem","position":1,"name":"Home","item":"https:\/\/hotcaweb.com\/kmu-buchhaltungen\/"},{"@type":"ListItem","position":2,"name":"Kontakt"}]},{"@type":"WebSite","@id":"https:\/\/hotcaweb.com\/kmu-buchhaltungen\/#website","url":"https:\/\/hotcaweb.com\/kmu-buchhaltungen\/","name":"KMU Buchhaltungen Wien","description":"","publisher":{"@id":"https:\/\/hotcaweb.com\/kmu-buchhaltungen\/#organization"},"potentialAction":[{"@type":"SearchAction","target":{"@type":"EntryPoint","urlTemplate":"https:\/\/hotcaweb.com\/kmu-buchhaltungen\/?s={search_term_string}"},"query-input":{"@type":"PropertyValueSpecification","valueRequired":true,"valueName":"search_term_string"}}],"inLanguage":"en-US"},{"@type":"Organization","@id":"https:\/\/hotcaweb.com\/kmu-buchhaltungen\/#organization","name":"KMU Buchhaltungen Wien","url":"https:\/\/hotcaweb.com\/kmu-buchhaltungen\/","logo":{"@type":"ImageObject","inLanguage":"en-US","@id":"https:\/\/hotcaweb.com\/kmu-buchhaltungen\/#\/schema\/logo\/image\/","url":"https:\/\/hotcaweb.com\/kmu-buchhaltungen\/wp-content\/uploads\/2023\/05\/Visitenkarten-KMU-2019_logo.png","contentUrl":"https:\/\/hotcaweb.com\/kmu-buchhaltungen\/wp-content\/uploads\/2023\/05\/Visitenkarten-KMU-2019_logo.png","width":467,"height":266,"caption":"KMU Buchhaltungen Wien"},"image":{"@id":"https:\/\/hotcaweb.com\/kmu-buchhaltungen\/#\/schema\/logo\/image\/"}}]}},"_links":{"self":[{"href":"https:\/\/hotcaweb.com\/kmu-buchhaltungen\/wp-json\/wp\/v2\/pages\/457","targetHints":{"allow":["GET"]}}],"collection":[{"href":"https:\/\/hotcaweb.com\/kmu-buchhaltungen\/wp-json\/wp\/v2\/pages"}],"about":[{"href":"https:\/\/hotcaweb.com\/kmu-buchhaltungen\/wp-json\/wp\/v2\/types\/page"}],"author":[{"embeddable":true,"href":"https:\/\/hotcaweb.com\/kmu-buchhaltungen\/wp-json\/wp\/v2\/users\/1"}],"replies":[{"embeddable":true,"href":"https:\/\/hotcaweb.com\/kmu-buchhaltungen\/wp-json\/wp\/v2\/comments?post=457"}],"version-history":[{"count":32,"href":"https:\/\/hotcaweb.com\/kmu-buchhaltungen\/wp-json\/wp\/v2\/pages\/457\/revisions"}],"predecessor-version":[{"id":685,"href":"https:\/\/hotcaweb.com\/kmu-buchhaltungen\/wp-json\/wp\/v2\/pages\/457\/revisions\/685"}],"wp:attachment":[{"href":"https:\/\/hotcaweb.com\/kmu-buchhaltungen\/wp-json\/wp\/v2\/media?parent=457"}],"curies":[{"name":"wp","href":"https:\/\/api.w.org\/{rel}","templated":true}]}}